{"id":740,"date":"2022-02-19T13:01:36","date_gmt":"2022-02-19T13:01:36","guid":{"rendered":"http:\/\/intweb.omsdeven.com\/?page_id=740"},"modified":"2023-01-10T08:50:13","modified_gmt":"2023-01-10T08:50:13","slug":"become-partner","status":"publish","type":"page","link":"https:\/\/intrec.io\/pl\/become-partner\/","title":{"rendered":"Become Partner"},"content":{"rendered":"<div data-elementor-type=\"wp-page\" data-elementor-id=\"740\" class=\"elementor elementor-740\">\n\t\t\t\t\t\t\t\t\t<section class=\"elementor-section elementor-top-section elementor-element elementor-element-fd51491 elementor-section-full_width elementor-section-stretched elementor-section-height-default elementor-section-height-default\" data-id=\"fd51491\" data-element_type=\"section\" data-settings=\"{&quot;stretch_section&quot;:&quot;section-stretched&quot;,&quot;background_background&quot;:&quot;classic&quot;}\">\n\t\t\t\t\t\t<div class=\"elementor-container elementor-column-gap-default\">\n\t\t\t\t\t<div class=\"elementor-column elementor-col-100 elementor-top-column elementor-element elementor-element-008604f\" data-id=\"008604f\" data-element_type=\"column\" data-settings=\"{&quot;background_background&quot;:&quot;classic&quot;}\">\n\t\t\t<div class=\"elementor-widget-wrap elementor-element-populated\">\n\t\t\t\t\t\t\t\t<div class=\"elementor-element elementor-element-734c5db elementor-widget elementor-widget-heading\" data-id=\"734c5db\" data-element_type=\"widget\" data-widget_type=\"heading.default\">\n\t\t\t\t<div class=\"elementor-widget-container\">\n\t\t\t<style>\/*! elementor - v3.15.0 - 20-08-2023 *\/\n.elementor-heading-title{padding:0;margin:0;line-height:1}.elementor-widget-heading .elementor-heading-title[class*=elementor-size-]>a{color:inherit;font-size:inherit;line-height:inherit}.elementor-widget-heading .elementor-heading-title.elementor-size-small{font-size:15px}.elementor-widget-heading .elementor-heading-title.elementor-size-medium{font-size:19px}.elementor-widget-heading .elementor-heading-title.elementor-size-large{font-size:29px}.elementor-widget-heading .elementor-heading-title.elementor-size-xl{font-size:39px}.elementor-widget-heading .elementor-heading-title.elementor-size-xxl{font-size:59px}<\/style><h2 class=\"elementor-heading-title elementor-size-default\">Wsp\u00f3\u0142pracuj z Nami<\/h2>\t\t<\/div>\n\t\t\t\t<\/div>\n\t\t\t\t\t<\/div>\n\t\t<\/div>\n\t\t\t\t\t\t\t<\/div>\n\t\t<\/section>\n\t\t\t\t<section class=\"elementor-section elementor-top-section elementor-element elementor-element-9c6c6e7 elementor-section-boxed elementor-section-height-default elementor-section-height-default\" data-id=\"9c6c6e7\" data-element_type=\"section\">\n\t\t\t\t\t\t<div class=\"elementor-container elementor-column-gap-default\">\n\t\t\t\t\t<div class=\"elementor-column elementor-col-100 elementor-top-column elementor-element elementor-element-f79c727\" data-id=\"f79c727\" data-element_type=\"column\">\n\t\t\t<div class=\"elementor-widget-wrap elementor-element-populated\">\n\t\t\t\t\t\t\t\t<section class=\"elementor-section elementor-inner-section elementor-element elementor-element-46a5c13 elementor-section-full_width elementor-section-height-default elementor-section-height-default\" data-id=\"46a5c13\" data-element_type=\"section\" data-settings=\"{&quot;background_background&quot;:&quot;gradient&quot;}\">\n\t\t\t\t\t\t<div class=\"elementor-container elementor-column-gap-default\">\n\t\t\t\t\t<div class=\"elementor-column elementor-col-50 elementor-inner-column elementor-element elementor-element-2ec715f\" data-id=\"2ec715f\" data-element_type=\"column\">\n\t\t\t<div class=\"elementor-widget-wrap elementor-element-populated\">\n\t\t\t\t\t\t\t\t<div class=\"elementor-element elementor-element-17de3df elementor-widget elementor-widget-text-editor\" data-id=\"17de3df\" data-element_type=\"widget\" data-widget_type=\"text-editor.default\">\n\t\t\t\t<div class=\"elementor-widget-container\">\n\t\t\t<style>\/*! elementor - v3.15.0 - 20-08-2023 *\/\n.elementor-widget-text-editor.elementor-drop-cap-view-stacked .elementor-drop-cap{background-color:#69727d;color:#fff}.elementor-widget-text-editor.elementor-drop-cap-view-framed .elementor-drop-cap{color:#69727d;border:3px solid;background-color:transparent}.elementor-widget-text-editor:not(.elementor-drop-cap-view-default) .elementor-drop-cap{margin-top:8px}.elementor-widget-text-editor:not(.elementor-drop-cap-view-default) .elementor-drop-cap-letter{width:1em;height:1em}.elementor-widget-text-editor .elementor-drop-cap{float:left;text-align:center;line-height:1;font-size:50px}.elementor-widget-text-editor .elementor-drop-cap-letter{display:inline-block}<\/style>\t\t\t\t<h2><strong>B\u0105d\u017a cz\u0119\u015bci\u0105 historii sukcesu IntRec<\/strong><\/h2><p>Promuj rozwi\u0105zanie rekrutacyjne IntRec AI w\u015br\u00f3d swoich kontakt\u00f3w biznesowych i zarabiaj prowizj\u0119 za ka\u017cd\u0105 sprzeda\u017c.<\/p><p><strong>Jak to dzia\u0142a?<\/strong><\/p><p style=\"color: #252525;\">Przedstaw nam potencjalnych klient\u00f3w jako partnera polecaj\u0105cego. Zap\u0142acimy Ci prowizje od poleconych, kt\u00f3rzy staj\u0105 si\u0119 p\u0142ac\u0105cymi klientami.<\/p><p style=\"color: #252525;\">Nasza stawka prowizji wynosi 5% z pierwszych 12 miesi\u0119cy relacji z klientem, wyp\u0142acana kwartalnie. Wszystkie nasze prowizje \u015bledzimy za pomoc\u0105 bazy danych zarz\u0105dzania relacjami z klientami (CRM).<\/p><p style=\"color: #252525;\">Po przes\u0142aniu formularza, aby zosta\u0107 oficjalnym partnerem afiliacyjnym, wysy\u0142anie polece\u0144 jest \u0142atwe! Wystarczy, \u017ce wype\u0142nisz formularz polecaj\u0105cy, przedstawiaj\u0105c nam potencjalnego klienta. Nast\u0119pnie dokonujemy wpisu w naszej bazie danych, stwierdzaj\u0105c, \u017ce poleci\u0142e\u015b tego klienta. Gdy sprzeda\u017c zostanie sfinalizowana, zaczniesz otrzymywa\u0107 p\u0142atno\u015bci za polecenie.<\/p><p style=\"color: #252525;\">Nasz zesp\u00f3\u0142 sprzeda\u017cy z przyjemno\u015bci\u0105 opowie Ci wi\u0119cej o tej mo\u017cliwo\u015bci.<\/p><h3><strong>Aplikuj ju\u017c teraz, aby rozpocz\u0105\u0107 prac\u0119 jako Partner Afiliacyjny!<\/strong><\/h3><p>\u00a0<\/p>\t\t\t\t\t\t<\/div>\n\t\t\t\t<\/div>\n\t\t\t\t\t<\/div>\n\t\t<\/div>\n\t\t\t\t<div class=\"elementor-column elementor-col-50 elementor-inner-column elementor-element elementor-element-6b68e72\" data-id=\"6b68e72\" data-element_type=\"column\" data-settings=\"{&quot;background_background&quot;:&quot;classic&quot;}\">\n\t\t\t<div class=\"elementor-widget-wrap elementor-element-populated\">\n\t\t\t\t\t\t\t\t<div class=\"elementor-element elementor-element-a5dffff eael-contact-form-7-button-align-left eael-contact-form-7-button-custom elementor-widget elementor-widget-eael-contact-form-7\" data-id=\"a5dffff\" data-element_type=\"widget\" data-widget_type=\"eael-contact-form-7.default\">\n\t\t\t\t<div class=\"elementor-widget-container\">\n\t\t\t<div class=\"eael-contact-form-7-wrapper\">\n                <div class=\"eael-contact-form eael-contact-form-7 eael-contact-form-a5dffff placeholder-show eael-contact-form-align-default\">\n<div class=\"wpcf7 no-js\" id=\"wpcf7-f766-o1\" lang=\"en-US\" dir=\"ltr\">\n<div class=\"screen-reader-response\"><p role=\"status\" aria-live=\"polite\" aria-atomic=\"true\"><\/p> <ul><\/ul><\/div>\n<form action=\"\/pl\/wp-json\/wp\/v2\/pages\/740#wpcf7-f766-o1\" method=\"post\" class=\"wpcf7-form init\" aria-label=\"Contact form\" novalidate=\"novalidate\" data-status=\"init\" data-trp-original-action=\"\/pl\/wp-json\/wp\/v2\/pages\/740#wpcf7-f766-o1\">\n<div style=\"display: none;\">\n<input type=\"hidden\" name=\"_wpcf7\" value=\"766\" \/>\n<input type=\"hidden\" name=\"_wpcf7_version\" value=\"5.8\" \/>\n<input type=\"hidden\" name=\"_wpcf7_locale\" value=\"en_US\" \/>\n<input type=\"hidden\" name=\"_wpcf7_unit_tag\" value=\"wpcf7-f766-o1\" \/>\n<input type=\"hidden\" name=\"_wpcf7_container_post\" value=\"0\" \/>\n<input type=\"hidden\" name=\"_wpcf7_posted_data_hash\" value=\"\" \/>\n<\/div>\n<p><label> Nazwa firmy: <\/label><br \/>\n<span class=\"wpcf7-form-control-wrap\" data-name=\"company-name\"><input size=\"40\" class=\"wpcf7-form-control wpcf7-text wpcf7-validates-as-required\" aria-required=\"true\" aria-invalid=\"false\" value=\"\" type=\"text\" name=\"company-name\" \/><\/span>\n<\/p>\n<p><label> Kraj:<\/label><br \/>\n<span class=\"wpcf7-form-control-wrap\" data-name=\"country\"><input size=\"40\" class=\"wpcf7-form-control wpcf7-text wpcf7-validates-as-required\" aria-required=\"true\" aria-invalid=\"false\" value=\"\" type=\"text\" name=\"country\" \/><\/span>\n<\/p>\n<p><label> Numer telefonu:<\/label><br \/>\n<span class=\"wpcf7-form-control-wrap\" data-name=\"phone-number\"><input size=\"40\" class=\"wpcf7-form-control wpcf7-tel wpcf7-text wpcf7-validates-as-tel\" id=\"phone-number\" aria-invalid=\"false\" value=\"\" type=\"tel\" name=\"phone-number\" \/><\/span>\n<\/p>\n<p><label> Adres URL witryny: <\/label><br \/>\n<span class=\"wpcf7-form-control-wrap\" data-name=\"web-url\"><input size=\"40\" class=\"wpcf7-form-control wpcf7-text wpcf7-validates-as-required\" aria-required=\"true\" aria-invalid=\"false\" value=\"\" type=\"text\" name=\"web-url\" \/><\/span>\n<\/p>\n<p><label>W jakiej bran\u017cy dzia\u0142a Twoja firma:<\/label><br \/>\n<span class=\"wpcf7-form-control-wrap\" data-name=\"industry\"><input size=\"40\" class=\"wpcf7-form-control wpcf7-text wpcf7-validates-as-required\" aria-required=\"true\" aria-invalid=\"false\" value=\"\" type=\"text\" name=\"industry\" \/><\/span>\n<\/p>\n<p><label> Kontaktowy e-mail:<\/label><br \/>\n<span class=\"wpcf7-form-control-wrap\" data-name=\"contact-email\"><input size=\"40\" class=\"wpcf7-form-control wpcf7-email wpcf7-validates-as-required wpcf7-text wpcf7-validates-as-email\" aria-required=\"true\" aria-invalid=\"false\" value=\"\" type=\"email\" name=\"contact-email\" \/><\/span>\n<\/p>\n<p><input class=\"wpcf7-form-control wpcf7-submit has-spinner\" type=\"submit\" value=\"Sk\u0142ada\u0107\" \/>\n<\/p><div class=\"wpcf7-response-output\" aria-hidden=\"true\"><\/div>\n<input type=\"hidden\" name=\"trp-form-language\" value=\"pl\"\/><\/form>\n<\/div>\n<\/div>\n            <\/div>\t\t<\/div>\n\t\t\t\t<\/div>\n\t\t\t\t\t<\/div>\n\t\t<\/div>\n\t\t\t\t\t\t\t<\/div>\n\t\t<\/section>\n\t\t\t\t\t<\/div>\n\t\t<\/div>\n\t\t\t\t\t\t\t<\/div>\n\t\t<\/section>\n\t\t\t\t\t\t\t<\/div>","protected":false},"excerpt":{"rendered":"<p>Become a Partner Be a part of IntRec\u2019s success story. Promote the IntRec AI recruitment solution to your business contacts. Earn commissions with each sale. How Does It Function? Introduce potential clients to us as a referral partner. We&#8217;ll pay you commissions on referrals that become paying clients. Our commission rate is up to 5% [&hellip;]<\/p>","protected":false},"author":1,"featured_media":0,"parent":0,"menu_order":0,"comment_status":"closed","ping_status":"closed","template":"","meta":{"footnotes":""},"class_list":["post-740","page","type-page","status-publish","hentry"],"_links":{"self":[{"href":"https:\/\/intrec.io\/pl\/wp-json\/wp\/v2\/pages\/740","targetHints":{"allow":["GET"]}}],"collection":[{"href":"https:\/\/intrec.io\/pl\/wp-json\/wp\/v2\/pages"}],"about":[{"href":"https:\/\/intrec.io\/pl\/wp-json\/wp\/v2\/types\/page"}],"author":[{"embeddable":true,"href":"https:\/\/intrec.io\/pl\/wp-json\/wp\/v2\/users\/1"}],"replies":[{"embeddable":true,"href":"https:\/\/intrec.io\/pl\/wp-json\/wp\/v2\/comments?post=740"}],"version-history":[{"count":100,"href":"https:\/\/intrec.io\/pl\/wp-json\/wp\/v2\/pages\/740\/revisions"}],"predecessor-version":[{"id":6453,"href":"https:\/\/intrec.io\/pl\/wp-json\/wp\/v2\/pages\/740\/revisions\/6453"}],"wp:attachment":[{"href":"https:\/\/intrec.io\/pl\/wp-json\/wp\/v2\/media?parent=740"}],"curies":[{"name":"wp","href":"https:\/\/api.w.org\/{rel}","templated":true}]}}