{"id":4826,"date":"2022-03-09T13:52:09","date_gmt":"2022-03-09T13:52:09","guid":{"rendered":"http:\/\/intweb.omsdeven.com\/?page_id=4826"},"modified":"2023-09-11T06:30:52","modified_gmt":"2023-09-11T06:30:52","slug":"video","status":"publish","type":"page","link":"https:\/\/intrec.io\/pl\/video\/","title":{"rendered":"Wideo"},"content":{"rendered":"<div data-elementor-type=\"wp-page\" data-elementor-id=\"4826\" class=\"elementor elementor-4826\">\n\t\t\t\t\t\t\t\t\t<section class=\"elementor-section elementor-top-section elementor-element elementor-element-f97c33d elementor-section-boxed elementor-section-height-default elementor-section-height-default\" data-id=\"f97c33d\" data-element_type=\"section\" data-settings=\"{&quot;background_background&quot;:&quot;classic&quot;}\">\n\t\t\t\t\t\t<div class=\"elementor-container elementor-column-gap-default\">\n\t\t\t\t\t<div class=\"elementor-column elementor-col-100 elementor-top-column elementor-element elementor-element-860fb23\" data-id=\"860fb23\" data-element_type=\"column\">\n\t\t\t<div class=\"elementor-widget-wrap elementor-element-populated\">\n\t\t\t\t\t\t\t\t<div class=\"elementor-element elementor-element-c5e9c8a elementor-widget elementor-widget-heading\" data-id=\"c5e9c8a\" data-element_type=\"widget\" data-widget_type=\"heading.default\">\n\t\t\t\t<div class=\"elementor-widget-container\">\n\t\t\t<style>\/*! elementor - v3.15.0 - 20-08-2023 *\/\n.elementor-heading-title{padding:0;margin:0;line-height:1}.elementor-widget-heading .elementor-heading-title[class*=elementor-size-]>a{color:inherit;font-size:inherit;line-height:inherit}.elementor-widget-heading .elementor-heading-title.elementor-size-small{font-size:15px}.elementor-widget-heading .elementor-heading-title.elementor-size-medium{font-size:19px}.elementor-widget-heading .elementor-heading-title.elementor-size-large{font-size:29px}.elementor-widget-heading .elementor-heading-title.elementor-size-xl{font-size:39px}.elementor-widget-heading .elementor-heading-title.elementor-size-xxl{font-size:59px}<\/style><h2 class=\"elementor-heading-title elementor-size-default\">Filmy<\/h2>\t\t<\/div>\n\t\t\t\t<\/div>\n\t\t\t\t\t<\/div>\n\t\t<\/div>\n\t\t\t\t\t\t\t<\/div>\n\t\t<\/section>\n\t\t\t\t<section class=\"elementor-section elementor-top-section elementor-element elementor-element-06cf3a7 elementor-section-full_width elementor-section-height-default elementor-section-height-default\" data-id=\"06cf3a7\" data-element_type=\"section\" data-settings=\"{&quot;background_background&quot;:&quot;gradient&quot;}\" data-no-translation=\"\">\n\t\t\t\t\t\t<div class=\"elementor-container elementor-column-gap-default\">\n\t\t\t\t\t<div class=\"elementor-column elementor-col-100 elementor-top-column elementor-element elementor-element-33655b7\" data-id=\"33655b7\" data-element_type=\"column\">\n\t\t\t<div class=\"elementor-widget-wrap elementor-element-populated\">\n\t\t\t\t\t\t\t\t<div class=\"elementor-element elementor-element-9e80fd5 elementor-widget elementor-widget-heading\" data-id=\"9e80fd5\" data-element_type=\"widget\" data-widget_type=\"heading.default\">\n\t\t\t\t<div class=\"elementor-widget-container\">\n\t\t\t<h2 class=\"elementor-heading-title elementor-size-default\">Film informacyjny firmy IntRec<\/h2>\t\t<\/div>\n\t\t\t\t<\/div>\n\t\t\t\t<section class=\"elementor-section elementor-inner-section elementor-element elementor-element-50619ff elementor-section-boxed elementor-section-height-default elementor-section-height-default\" data-id=\"50619ff\" data-element_type=\"section\" data-settings=\"{&quot;background_background&quot;:&quot;classic&quot;}\">\n\t\t\t\t\t\t<div class=\"elementor-container elementor-column-gap-no\">\n\t\t\t\t\t<div class=\"elementor-column elementor-col-33 elementor-inner-column elementor-element elementor-element-2b12adc\" data-id=\"2b12adc\" data-element_type=\"column\" data-settings=\"{&quot;background_background&quot;:&quot;classic&quot;}\">\n\t\t\t<div class=\"elementor-widget-wrap elementor-element-populated\">\n\t\t\t\t\t\t\t\t<div class=\"elementor-element elementor-element-95983dd elementor-widget elementor-widget-html\" data-id=\"95983dd\" data-element_type=\"widget\" data-widget_type=\"html.default\">\n\t\t\t\t<div class=\"elementor-widget-container\">\n\t\t\t<iframe loading=\"lazy\" src=\"https:\/\/drive.google.com\/file\/d\/1wVYZAKImVQiNmi4maHsF79uV7KTNVLat\/preview\" width=\"640\" height=\"185\" allow=\"autoplay\" allowfullscreen><\/iframe>\t\t<\/div>\n\t\t\t\t<\/div>\n\t\t\t\t<div class=\"elementor-element elementor-element-30728f1 elementor-view-default elementor-position-top elementor-mobile-position-top elementor-widget elementor-widget-icon-box\" data-id=\"30728f1\" data-element_type=\"widget\" data-widget_type=\"icon-box.default\">\n\t\t\t\t<div class=\"elementor-widget-container\">\n\t\t\t\t\t<div class=\"elementor-icon-box-wrapper\">\n\t\t\t\t\t\t<div class=\"elementor-icon-box-icon\">\n\t\t\t\t<span class=\"elementor-icon elementor-animation-\" >\n\t\t\t\t<i aria-hidden=\"true\" class=\"fas fa-video\"><\/i>\t\t\t\t<\/span>\n\t\t\t<\/div>\n\t\t\t\t\t\t<div class=\"elementor-icon-box-content\">\n\t\t\t\t<h3 class=\"elementor-icon-box-title\">\n\t\t\t\t\t<span  >\n\t\t\t\t\t\tO nas\t\t\t\t\t<\/span>\n\t\t\t\t<\/h3>\n\t\t\t\t\t\t\t\t\t<p class=\"elementor-icon-box-description\">\n\t\t\t\t\t\tMisj\u0105 IntRec jest dostarczanie najlepszych kandydat\u00f3w poprzez unikalne po\u0142\u0105czenie wgl\u0105du diagnostycznego poprzez uczenie maszynowe.\t\t\t\t\t<\/p>\n\t\t\t\t\t\t\t<\/div>\n\t\t<\/div>\n\t\t\t\t<\/div>\n\t\t\t\t<\/div>\n\t\t\t\t\t<\/div>\n\t\t<\/div>\n\t\t\t\t<div class=\"elementor-column elementor-col-33 elementor-inner-column elementor-element elementor-element-7b06cdb\" data-id=\"7b06cdb\" data-element_type=\"column\" data-settings=\"{&quot;background_background&quot;:&quot;classic&quot;}\">\n\t\t\t<div class=\"elementor-widget-wrap elementor-element-populated\">\n\t\t\t\t\t\t\t\t<div class=\"elementor-element elementor-element-7e30d26 elementor-widget elementor-widget-html\" data-id=\"7e30d26\" data-element_type=\"widget\" data-widget_type=\"html.default\">\n\t\t\t\t<div class=\"elementor-widget-container\">\n\t\t\t<video width=\"auto\" height=\"\" controls>\n  <source src=\"http:\/\/intrec.io\/wp-content\/uploads\/2023\/09\/Job-Creator-POL.mp4\" type=\"video\/mp4\">\n<\/video>\t\t<\/div>\n\t\t\t\t<\/div>\n\t\t\t\t<div class=\"elementor-element elementor-element-85620b0 elementor-view-default elementor-position-top elementor-mobile-position-top elementor-widget elementor-widget-icon-box\" data-id=\"85620b0\" data-element_type=\"widget\" data-widget_type=\"icon-box.default\">\n\t\t\t\t<div class=\"elementor-widget-container\">\n\t\t\t\t\t<div class=\"elementor-icon-box-wrapper\">\n\t\t\t\t\t\t<div class=\"elementor-icon-box-icon\">\n\t\t\t\t<span class=\"elementor-icon elementor-animation-\" >\n\t\t\t\t<i aria-hidden=\"true\" class=\"fas fa-video\"><\/i>\t\t\t\t<\/span>\n\t\t\t<\/div>\n\t\t\t\t\t\t<div class=\"elementor-icon-box-content\">\n\t\t\t\t<h3 class=\"elementor-icon-box-title\">\n\t\t\t\t\t<span  >\n\t\t\t\t\t\tKreator ofert pracy IntRec\t\t\t\t\t<\/span>\n\t\t\t\t<\/h3>\n\t\t\t\t\t\t\t\t\t<p class=\"elementor-icon-box-description\">\n\t\t\t\t\t\tGotowy na zrewolucjonizowanie procesu rekrutacji? \ud83c\udf10 W tym filmie przeprowadzimy Ci\u0119 krok po kroku przez proces korzystania z oprogramowania Job Creator firmy IntRec. Po\u017cegnaj r\u0119czne publikowanie ofert pracy i powitaj efektywn\u0105 rekrutacj\u0119. Zacznij oszcz\u0119dza\u0107 czas i znajdowa\u0107 najwi\u0119kszy talent ju\u017c dzi\u015b! Odwied\u017a nasz\u0105 stron\u0119 internetow\u0105, aby uzyska\u0107 wi\u0119cej informacji.\t\t\t\t\t<\/p>\n\t\t\t\t\t\t\t<\/div>\n\t\t<\/div>\n\t\t\t\t<\/div>\n\t\t\t\t<\/div>\n\t\t\t\t\t<\/div>\n\t\t<\/div>\n\t\t\t\t<div class=\"elementor-column elementor-col-33 elementor-inner-column elementor-element elementor-element-e1af7e3\" data-id=\"e1af7e3\" data-element_type=\"column\" data-settings=\"{&quot;background_background&quot;:&quot;classic&quot;}\">\n\t\t\t<div class=\"elementor-widget-wrap elementor-element-populated\">\n\t\t\t\t\t\t\t\t<div class=\"elementor-element elementor-element-0374bec elementor-widget elementor-widget-html\" data-id=\"0374bec\" data-element_type=\"widget\" data-widget_type=\"html.default\">\n\t\t\t\t<div class=\"elementor-widget-container\">\n\t\t\t<video width=\"auto\" height=\"\" controls>\n  <source src=\"http:\/\/intrec.io\/wp-content\/uploads\/2023\/09\/IntRec-Recruiter-POL.mp4\" type=\"video\/mp4\">\n<\/video>\t\t<\/div>\n\t\t\t\t<\/div>\n\t\t\t\t<div class=\"elementor-element elementor-element-8dc220d elementor-view-default elementor-position-top elementor-mobile-position-top elementor-widget elementor-widget-icon-box\" data-id=\"8dc220d\" data-element_type=\"widget\" data-widget_type=\"icon-box.default\">\n\t\t\t\t<div class=\"elementor-widget-container\">\n\t\t\t\t\t<div class=\"elementor-icon-box-wrapper\">\n\t\t\t\t\t\t<div class=\"elementor-icon-box-icon\">\n\t\t\t\t<span class=\"elementor-icon elementor-animation-\" >\n\t\t\t\t<i aria-hidden=\"true\" class=\"fas fa-video\"><\/i>\t\t\t\t<\/span>\n\t\t\t<\/div>\n\t\t\t\t\t\t<div class=\"elementor-icon-box-content\">\n\t\t\t\t<h3 class=\"elementor-icon-box-title\">\n\t\t\t\t\t<span  >\n\t\t\t\t\t\tIntRec dla Rekruter\u00f3w\t\t\t\t\t<\/span>\n\t\t\t\t<\/h3>\n\t\t\t\t\t\t\t\t\t<p class=\"elementor-icon-box-description\">\n\t\t\t\t\t\tWzywamy wszystkich mened\u017cer\u00f3w HR i rekruter\u00f3w! \ud83c\udf1f Czy chcesz wykorzysta\u0107 pe\u0142ny potencja\u0142 pot\u0119\u017cnego pulpitu nawigacyjnego IntRec? Do\u0142\u0105cz do nas w tym edukacyjnym filmie, w kt\u00f3rym poprowadzimy Ci\u0119 przez ka\u017cd\u0105 funkcj\u0119 i funkcjonalno\u015b\u0107. Wyprzed\u017a \u015bwiat rekrutacji dzi\u0119ki IntRec. Odwied\u017a nasze stron\u0119 internetow\u0105, gdzie znajdziesz wi\u0119cej zasob\u00f3w.\t\t\t\t\t<\/p>\n\t\t\t\t\t\t\t<\/div>\n\t\t<\/div>\n\t\t\t\t<\/div>\n\t\t\t\t<\/div>\n\t\t\t\t\t<\/div>\n\t\t<\/div>\n\t\t\t\t\t\t\t<\/div>\n\t\t<\/section>\n\t\t\t\t<section class=\"elementor-section elementor-inner-section elementor-element elementor-element-6acd6fc elementor-section-boxed elementor-section-height-default elementor-section-height-default\" data-id=\"6acd6fc\" data-element_type=\"section\" data-settings=\"{&quot;background_background&quot;:&quot;classic&quot;}\">\n\t\t\t\t\t\t<div class=\"elementor-container elementor-column-gap-no\">\n\t\t\t\t\t<div class=\"elementor-column elementor-col-33 elementor-inner-column elementor-element elementor-element-d754546\" data-id=\"d754546\" data-element_type=\"column\" data-settings=\"{&quot;background_background&quot;:&quot;classic&quot;}\">\n\t\t\t<div class=\"elementor-widget-wrap elementor-element-populated\">\n\t\t\t\t\t\t\t\t<div class=\"elementor-element elementor-element-52bb25d elementor-widget elementor-widget-html\" data-id=\"52bb25d\" data-element_type=\"widget\" data-widget_type=\"html.default\">\n\t\t\t\t<div class=\"elementor-widget-container\">\n\t\t\t<video width=\"auto\" height=\"\" controls>\n  <source src=\"http:\/\/intrec.io\/wp-content\/uploads\/2023\/09\/IntRec-Candidate-POL-1.mp4\" type=\"video\/mp4\">\n<\/video>\t\t<\/div>\n\t\t\t\t<\/div>\n\t\t\t\t<div class=\"elementor-element elementor-element-fc51a8f elementor-view-default elementor-position-top elementor-mobile-position-top elementor-widget elementor-widget-icon-box\" data-id=\"fc51a8f\" data-element_type=\"widget\" data-widget_type=\"icon-box.default\">\n\t\t\t\t<div class=\"elementor-widget-container\">\n\t\t\t\t\t<div class=\"elementor-icon-box-wrapper\">\n\t\t\t\t\t\t<div class=\"elementor-icon-box-icon\">\n\t\t\t\t<span class=\"elementor-icon elementor-animation-\" >\n\t\t\t\t<i aria-hidden=\"true\" class=\"fas fa-video\"><\/i>\t\t\t\t<\/span>\n\t\t\t<\/div>\n\t\t\t\t\t\t<div class=\"elementor-icon-box-content\">\n\t\t\t\t<h3 class=\"elementor-icon-box-title\">\n\t\t\t\t\t<span  >\n\t\t\t\t\t\tIntRec dla Kandydat\u00f3w\t\t\t\t\t<\/span>\n\t\t\t\t<\/h3>\n\t\t\t\t\t\t\t\t\t<p class=\"elementor-icon-box-description\">\n\t\t\t\t\t\tGotowy, aby przenie\u015b\u0107 swoje poszukiwania pracy na wy\u017cszy poziom? W tym informacyjnym filmie przeprowadzimy Ci\u0119 przez funkcje panelu IntRec, dzi\u0119ki kt\u00f3rym wyr\u00f3\u017cnisz si\u0119 w\u015br\u00f3d potencjalnych pracodawc\u00f3w. Twoja wymarzona praca jest na wyci\u0105gni\u0119cie r\u0119ki! Wi\u0119cej zasob\u00f3w dotycz\u0105cych kariery znajdziesz na naszej stronie internetowej. \t\t\t\t\t<\/p>\n\t\t\t\t\t\t\t<\/div>\n\t\t<\/div>\n\t\t\t\t<\/div>\n\t\t\t\t<\/div>\n\t\t\t\t\t<\/div>\n\t\t<\/div>\n\t\t\t\t<div class=\"elementor-column elementor-col-33 elementor-inner-column elementor-element elementor-element-6a8ded8\" data-id=\"6a8ded8\" data-element_type=\"column\" data-settings=\"{&quot;background_background&quot;:&quot;classic&quot;}\">\n\t\t\t<div class=\"elementor-widget-wrap elementor-element-populated\">\n\t\t\t\t\t\t\t\t<div class=\"elementor-element elementor-element-8ba49c3 elementor-widget elementor-widget-html\" data-id=\"8ba49c3\" data-element_type=\"widget\" data-widget_type=\"html.default\">\n\t\t\t\t<div class=\"elementor-widget-container\">\n\t\t\t<video width=\"auto\" height=\"\" controls>\n  <source src=\"http:\/\/intrec.io\/wp-content\/uploads\/2023\/09\/INTREC-VIDEO-TUTORIAL-VIDEO-pl.mp4\" type=\"video\/mp4\">\n<\/video>\n\t\t<\/div>\n\t\t\t\t<\/div>\n\t\t\t\t<div class=\"elementor-element elementor-element-c744f64 elementor-view-default elementor-position-top elementor-mobile-position-top elementor-widget elementor-widget-icon-box\" data-id=\"c744f64\" data-element_type=\"widget\" data-widget_type=\"icon-box.default\">\n\t\t\t\t<div class=\"elementor-widget-container\">\n\t\t\t\t\t<div class=\"elementor-icon-box-wrapper\">\n\t\t\t\t\t\t<div class=\"elementor-icon-box-icon\">\n\t\t\t\t<span class=\"elementor-icon elementor-animation-\" >\n\t\t\t\t<i aria-hidden=\"true\" class=\"fas fa-video\"><\/i>\t\t\t\t<\/span>\n\t\t\t<\/div>\n\t\t\t\t\t\t<div class=\"elementor-icon-box-content\">\n\t\t\t\t<h3 class=\"elementor-icon-box-title\">\n\t\t\t\t\t<span  >\n\t\t\t\t\t\tIdealny wywiad wideo\t\t\t\t\t<\/span>\n\t\t\t\t<\/h3>\n\t\t\t\t\t\t\t\t\t<p class=\"elementor-icon-box-description\">\n\t\t\t\t\t\tGotowy do opanowania sztuki przeprowadzania rozm\u00f3w wideo? \ud83d\ude80 IntRec pomo\u017ce Ci! W tym filmie dzielimy si\u0119 cennymi spostrze\u017ceniami i wskaz\u00f3wkami krok po kroku, jak kandydaci mog\u0105 przeprowadzi\u0107 idealn\u0105 rozmow\u0119 wideo. Nie przegap swojej szansy zaimponuj pracodawcom i zapewnij sobie wymarzon\u0105 prac\u0119. Zapisz si\u0119, aby uzyska\u0107 wi\u0119cej wskaz\u00f3wek dotycz\u0105cych kariery i odwied\u017a nasz\u0105 stron\u0119 internetow\u0105, aby udoskonali\u0107 swoje umiej\u0119tno\u015bci podczas rozmowy kwalifikacyjnej dzi\u0119ki IntRec! \t\t\t\t\t<\/p>\n\t\t\t\t\t\t\t<\/div>\n\t\t<\/div>\n\t\t\t\t<\/div>\n\t\t\t\t<\/div>\n\t\t\t\t\t<\/div>\n\t\t<\/div>\n\t\t\t\t<div class=\"elementor-column elementor-col-33 elementor-inner-column elementor-element elementor-element-76cb3a7\" data-id=\"76cb3a7\" data-element_type=\"column\" data-settings=\"{&quot;background_background&quot;:&quot;classic&quot;}\">\n\t\t\t<div class=\"elementor-widget-wrap elementor-element-populated\">\n\t\t\t\t\t\t\t\t<div class=\"elementor-element elementor-element-bc848a1 elementor-widget elementor-widget-html\" data-id=\"bc848a1\" data-element_type=\"widget\" data-widget_type=\"html.default\">\n\t\t\t\t<div class=\"elementor-widget-container\">\n\t\t\t<video width=\"auto\" height=\"\" controls>\n  <source src=\"http:\/\/intrec.io\/wp-content\/uploads\/2023\/09\/INTREC-AI-VIDEO-PL-1.mp4\" type=\"video\/mp4\">\n<\/video>\n\t\t<\/div>\n\t\t\t\t<\/div>\n\t\t\t\t<div class=\"elementor-element elementor-element-2bb7457 elementor-view-default elementor-position-top elementor-mobile-position-top elementor-widget elementor-widget-icon-box\" data-id=\"2bb7457\" data-element_type=\"widget\" data-widget_type=\"icon-box.default\">\n\t\t\t\t<div class=\"elementor-widget-container\">\n\t\t\t\t\t<div class=\"elementor-icon-box-wrapper\">\n\t\t\t\t\t\t<div class=\"elementor-icon-box-icon\">\n\t\t\t\t<span class=\"elementor-icon elementor-animation-\" >\n\t\t\t\t<i aria-hidden=\"true\" class=\"fas fa-video\"><\/i>\t\t\t\t<\/span>\n\t\t\t<\/div>\n\t\t\t\t\t\t<div class=\"elementor-icon-box-content\">\n\t\t\t\t<h3 class=\"elementor-icon-box-title\">\n\t\t\t\t\t<span  >\n\t\t\t\t\t\tIntRec IA\t\t\t\t\t<\/span>\n\t\t\t\t<\/h3>\n\t\t\t\t\t\t\t\t\t<p class=\"elementor-icon-box-description\">\n\t\t\t\t\t\t\u201eGotowy do poznania najnowocze\u015bniejszych funkcji i technologii, kt\u00f3re wyr\u00f3\u017cniaj\u0105 IntRec? Nasz film zabierze Ci\u0119 w podr\u00f3\u017c po naszych innowacyjnych rozwi\u0105zaniach, kt\u00f3re wzmacniaj\u0105 pozycj\u0119 mened\u017cer\u00f3w HR, rekruter\u00f3w i os\u00f3b poszukuj\u0105cych pracy na ca\u0142ym \u015bwiecie. Do\u0142\u0105cz do nas, aby uwolni\u0107 potencja\u0142 inteligentnej rekrutacji! \ud83d\udcca\ud83d\udd0d #RecruitmentRevolution #TechAdvancements #HiringSmart\u201d\t\t\t\t\t<\/p>\n\t\t\t\t\t\t\t<\/div>\n\t\t<\/div>\n\t\t\t\t<\/div>\n\t\t\t\t<\/div>\n\t\t\t\t\t<\/div>\n\t\t<\/div>\n\t\t\t\t\t\t\t<\/div>\n\t\t<\/section>\n\t\t\t\t<section class=\"elementor-section elementor-inner-section elementor-element elementor-element-4a827d5 elementor-section-boxed elementor-section-height-default elementor-section-height-default\" data-id=\"4a827d5\" data-element_type=\"section\" data-settings=\"{&quot;background_background&quot;:&quot;classic&quot;}\">\n\t\t\t\t\t\t<div class=\"elementor-container elementor-column-gap-no\">\n\t\t\t\t\t<div class=\"elementor-column elementor-col-33 elementor-inner-column elementor-element elementor-element-38b1b0b\" data-id=\"38b1b0b\" data-element_type=\"column\" data-settings=\"{&quot;background_background&quot;:&quot;classic&quot;}\">\n\t\t\t<div class=\"elementor-widget-wrap elementor-element-populated\">\n\t\t\t\t\t\t\t\t<div class=\"elementor-element elementor-element-80e399e elementor-widget elementor-widget-html\" data-id=\"80e399e\" data-element_type=\"widget\" data-widget_type=\"html.default\">\n\t\t\t\t<div class=\"elementor-widget-container\">\n\t\t\t<video width=\"auto\" height=\"\" controls>\n  <source src=\"http:\/\/intrec.io\/wp-content\/uploads\/2023\/09\/INTREC-PROMO-PL.mp4\" type=\"video\/mp4\">\n<\/video>\t\t<\/div>\n\t\t\t\t<\/div>\n\t\t\t\t<div class=\"elementor-element elementor-element-fa94048 elementor-view-default elementor-position-top elementor-mobile-position-top elementor-widget elementor-widget-icon-box\" data-id=\"fa94048\" data-element_type=\"widget\" data-widget_type=\"icon-box.default\">\n\t\t\t\t<div class=\"elementor-widget-container\">\n\t\t\t\t\t<div class=\"elementor-icon-box-wrapper\">\n\t\t\t\t\t\t<div class=\"elementor-icon-box-icon\">\n\t\t\t\t<span class=\"elementor-icon elementor-animation-\" >\n\t\t\t\t<i aria-hidden=\"true\" class=\"fas fa-video\"><\/i>\t\t\t\t<\/span>\n\t\t\t<\/div>\n\t\t\t\t\t\t<div class=\"elementor-icon-box-content\">\n\t\t\t\t<h3 class=\"elementor-icon-box-title\">\n\t\t\t\t\t<span  >\n\t\t\t\t\t\tIntRec AI: Dlaczego IntRec\t\t\t\t\t<\/span>\n\t\t\t\t<\/h3>\n\t\t\t\t\t\t\t\t\t<p class=\"elementor-icon-box-description\">\n\t\t\t\t\t\tDo\u0142\u0105cz do nas w odkrywczej podr\u00f3\u017cy dzi\u0119ki naszemu filmowi wyja\u015bniaj\u0105cemu rozwi\u0105zywanie problem\u00f3w. Dowiedz si\u0119, jak najnowocze\u015bniejsza technologia IntRec AI zmienia krajobraz rekrutacji. Niezale\u017cnie od tego, czy jeste\u015b mened\u017cerem HR, rekruterem czy osob\u0105 poszukuj\u0105c\u0105 pracy, nasze rozwi\u0105zania zosta\u0142y zaprojektowane tak, aby Twoje \u017cycie staje si\u0119 \u0142atwiejsze. Obejrzyj teraz i podnie\u015b poziom swojej gry w zakresie rekrutacji! \t\t\t\t\t<\/p>\n\t\t\t\t\t\t\t<\/div>\n\t\t<\/div>\n\t\t\t\t<\/div>\n\t\t\t\t<\/div>\n\t\t\t\t\t<\/div>\n\t\t<\/div>\n\t\t\t\t<div class=\"elementor-column elementor-col-33 elementor-inner-column elementor-element elementor-element-c8f9656\" data-id=\"c8f9656\" data-element_type=\"column\" data-settings=\"{&quot;background_background&quot;:&quot;classic&quot;}\">\n\t\t\t<div class=\"elementor-widget-wrap elementor-element-populated\">\n\t\t\t\t\t\t\t\t<div class=\"elementor-element elementor-element-f96c999 elementor-widget elementor-widget-html\" data-id=\"f96c999\" data-element_type=\"widget\" data-widget_type=\"html.default\">\n\t\t\t\t<div class=\"elementor-widget-container\">\n\t\t\t<video width=\"auto\" height=\"\" controls>\n  <source src=\"http:\/\/intrec.io\/wp-content\/uploads\/2023\/09\/IntRec-Recruitment-Solution-PL.mp4\" type=\"video\/mp4\">\n<\/video>\t\t<\/div>\n\t\t\t\t<\/div>\n\t\t\t\t<div class=\"elementor-element elementor-element-64e9d2a elementor-view-default elementor-position-top elementor-mobile-position-top elementor-widget elementor-widget-icon-box\" data-id=\"64e9d2a\" data-element_type=\"widget\" data-widget_type=\"icon-box.default\">\n\t\t\t\t<div class=\"elementor-widget-container\">\n\t\t\t\t\t<div class=\"elementor-icon-box-wrapper\">\n\t\t\t\t\t\t<div class=\"elementor-icon-box-icon\">\n\t\t\t\t<span class=\"elementor-icon elementor-animation-\" >\n\t\t\t\t<i aria-hidden=\"true\" class=\"fas fa-video\"><\/i>\t\t\t\t<\/span>\n\t\t\t<\/div>\n\t\t\t\t\t\t<div class=\"elementor-icon-box-content\">\n\t\t\t\t<h3 class=\"elementor-icon-box-title\">\n\t\t\t\t\t<span  >\n\t\t\t\t\t\tInteligentna rekrutacja\t\t\t\t\t<\/span>\n\t\t\t\t<\/h3>\n\t\t\t\t\t\t\t\t\t<p class=\"elementor-icon-box-description\">\n\t\t\t\t\t\tW IntRec na nowo piszemy zasady rekrutacji za pomoc\u0105 naszego etycznego i innowacyjnego rozwi\u0105zania. Niezale\u017cnie od tego, czy jeste\u015b firm\u0105 poszukuj\u0105c\u0105 najlepszych talent\u00f3w, czy te\u017c osob\u0105 poszukuj\u0105c\u0105 pracy szukaj\u0105c\u0105 idealnego kandydata, nasza platforma zmienia proces rekrutacji. Do\u0142\u0105cz do nas i kszta\u0142tuj przysz\u0142o\u015b\u0107 rekrutacji! \t\t\t\t\t<\/p>\n\t\t\t\t\t\t\t<\/div>\n\t\t<\/div>\n\t\t\t\t<\/div>\n\t\t\t\t<\/div>\n\t\t\t\t\t<\/div>\n\t\t<\/div>\n\t\t\t\t<div class=\"elementor-column elementor-col-33 elementor-inner-column elementor-element elementor-element-4341d1b\" data-id=\"4341d1b\" data-element_type=\"column\" data-settings=\"{&quot;background_background&quot;:&quot;classic&quot;}\">\n\t\t\t<div class=\"elementor-widget-wrap\">\n\t\t\t\t\t\t\t\t\t<\/div>\n\t\t<\/div>\n\t\t\t\t\t\t\t<\/div>\n\t\t<\/section>\n\t\t\t\t\t<\/div>\n\t\t<\/div>\n\t\t\t\t\t\t\t<\/div>\n\t\t<\/section>\n\t\t\t\t\t\t\t<\/div>","protected":false},"excerpt":{"rendered":"<p>Videos IntRec Informational Video About Us IntRec\u2019s mission is to deliver the best candidates through a unique combination of diagnostic insight through machine learning. IntRec Promotional Video Unlock the potential of AI in recruitment with IntRec AI! Our cutting-edge technology is changing the game, making hiring faster, smarter, and more efficient. Say goodbye to manual [&hellip;]<\/p>","protected":false},"author":1,"featured_media":0,"parent":0,"menu_order":0,"comment_status":"closed","ping_status":"closed","template":"elementor_theme","meta":{"footnotes":""},"class_list":["post-4826","page","type-page","status-publish","hentry"],"_links":{"self":[{"href":"https:\/\/intrec.io\/pl\/wp-json\/wp\/v2\/pages\/4826","targetHints":{"allow":["GET"]}}],"collection":[{"href":"https:\/\/intrec.io\/pl\/wp-json\/wp\/v2\/pages"}],"about":[{"href":"https:\/\/intrec.io\/pl\/wp-json\/wp\/v2\/types\/page"}],"author":[{"embeddable":true,"href":"https:\/\/intrec.io\/pl\/wp-json\/wp\/v2\/users\/1"}],"replies":[{"embeddable":true,"href":"https:\/\/intrec.io\/pl\/wp-json\/wp\/v2\/comments?post=4826"}],"version-history":[{"count":392,"href":"https:\/\/intrec.io\/pl\/wp-json\/wp\/v2\/pages\/4826\/revisions"}],"predecessor-version":[{"id":7417,"href":"https:\/\/intrec.io\/pl\/wp-json\/wp\/v2\/pages\/4826\/revisions\/7417"}],"wp:attachment":[{"href":"https:\/\/intrec.io\/pl\/wp-json\/wp\/v2\/media?parent=4826"}],"curies":[{"name":"wp","href":"https:\/\/api.w.org\/{rel}","templated":true}]}}