{"id":4731,"date":"2022-03-09T06:38:35","date_gmt":"2022-03-09T06:38:35","guid":{"rendered":"https:\/\/intweb.omsdeven.com\/?page_id=4731"},"modified":"2023-01-10T14:46:50","modified_gmt":"2023-01-10T14:46:50","slug":"recruiter-support","status":"publish","type":"page","link":"https:\/\/intrec.io\/pl\/recruiter-support\/","title":{"rendered":"Recruiter Support"},"content":{"rendered":"<div data-elementor-type=\"wp-page\" data-elementor-id=\"4731\" class=\"elementor elementor-4731\">\n\t\t\t\t\t\t\t\t\t<section class=\"elementor-section elementor-top-section elementor-element elementor-element-3ebf8f4 elementor-section-full_width elementor-section-stretched elementor-section-height-default elementor-section-height-default\" data-id=\"3ebf8f4\" data-element_type=\"section\" data-settings=\"{&quot;stretch_section&quot;:&quot;section-stretched&quot;,&quot;background_background&quot;:&quot;classic&quot;}\">\n\t\t\t\t\t\t<div class=\"elementor-container elementor-column-gap-default\">\n\t\t\t\t\t<div class=\"elementor-column elementor-col-100 elementor-top-column elementor-element elementor-element-b7cbdfd\" data-id=\"b7cbdfd\" data-element_type=\"column\" data-settings=\"{&quot;background_background&quot;:&quot;classic&quot;}\">\n\t\t\t<div class=\"elementor-widget-wrap elementor-element-populated\">\n\t\t\t\t\t\t\t\t<section class=\"elementor-section elementor-inner-section elementor-element elementor-element-4687f39 elementor-section-boxed elementor-section-height-default elementor-section-height-default\" data-id=\"4687f39\" data-element_type=\"section\">\n\t\t\t\t\t\t<div class=\"elementor-container elementor-column-gap-default\">\n\t\t\t\t\t<div class=\"elementor-column elementor-col-50 elementor-inner-column elementor-element elementor-element-39c91b9\" data-id=\"39c91b9\" data-element_type=\"column\" data-settings=\"{&quot;background_background&quot;:&quot;classic&quot;}\">\n\t\t\t<div class=\"elementor-widget-wrap elementor-element-populated\">\n\t\t\t\t\t\t\t\t<div class=\"elementor-element elementor-element-9476f5d elementor-widget elementor-widget-heading\" data-id=\"9476f5d\" data-element_type=\"widget\" data-widget_type=\"heading.default\">\n\t\t\t\t<div class=\"elementor-widget-container\">\n\t\t\t<style>\/*! elementor - v3.15.0 - 20-08-2023 *\/\n.elementor-heading-title{padding:0;margin:0;line-height:1}.elementor-widget-heading .elementor-heading-title[class*=elementor-size-]>a{color:inherit;font-size:inherit;line-height:inherit}.elementor-widget-heading .elementor-heading-title.elementor-size-small{font-size:15px}.elementor-widget-heading .elementor-heading-title.elementor-size-medium{font-size:19px}.elementor-widget-heading .elementor-heading-title.elementor-size-large{font-size:29px}.elementor-widget-heading .elementor-heading-title.elementor-size-xl{font-size:39px}.elementor-widget-heading .elementor-heading-title.elementor-size-xxl{font-size:59px}<\/style><h2 class=\"elementor-heading-title elementor-size-default\">Recruiter Support<\/h2>\t\t<\/div>\n\t\t\t\t<\/div>\n\t\t\t\t\t<\/div>\n\t\t<\/div>\n\t\t\t\t<div class=\"elementor-column elementor-col-50 elementor-inner-column elementor-element elementor-element-bd07017\" data-id=\"bd07017\" data-element_type=\"column\">\n\t\t\t<div class=\"elementor-widget-wrap\">\n\t\t\t\t\t\t\t\t\t<\/div>\n\t\t<\/div>\n\t\t\t\t\t\t\t<\/div>\n\t\t<\/section>\n\t\t\t\t\t<\/div>\n\t\t<\/div>\n\t\t\t\t\t\t\t<\/div>\n\t\t<\/section>\n\t\t\t\t<section class=\"elementor-section elementor-top-section elementor-element elementor-element-6670430 elementor-section-stretched reverseflex elementor-section-boxed elementor-section-height-default elementor-section-height-default\" data-id=\"6670430\" data-element_type=\"section\" id=\"personality\" data-settings=\"{&quot;stretch_section&quot;:&quot;section-stretched&quot;}\">\n\t\t\t\t\t\t<div class=\"elementor-container elementor-column-gap-default\">\n\t\t\t\t\t<div class=\"elementor-column elementor-col-33 elementor-top-column elementor-element elementor-element-1899864\" data-id=\"1899864\" data-element_type=\"column\" data-settings=\"{&quot;background_background&quot;:&quot;classic&quot;}\">\n\t\t\t<div class=\"elementor-widget-wrap elementor-element-populated\">\n\t\t\t\t\t\t\t\t<div class=\"elementor-element elementor-element-79396e0 elementor-widget elementor-widget-image\" data-id=\"79396e0\" data-element_type=\"widget\" data-widget_type=\"image.default\">\n\t\t\t\t<div class=\"elementor-widget-container\">\n\t\t\t<style>\/*! elementor - v3.15.0 - 20-08-2023 *\/\n.elementor-widget-image{text-align:center}.elementor-widget-image a{display:inline-block}.elementor-widget-image a img[src$=\".svg\"]{width:48px}.elementor-widget-image img{vertical-align:middle;display:inline-block}<\/style>\t\t\t\t\t\t\t\t\t\t\t\t<img loading=\"lazy\" decoding=\"async\" width=\"740\" height=\"493\" src=\"https:\/\/intrec.io\/wp-content\/uploads\/2022\/03\/smiling-young-businessman_1098-778.jpg\" class=\"attachment-large size-large wp-image-4017\" alt=\"\" srcset=\"https:\/\/intrec.io\/wp-content\/uploads\/2022\/03\/smiling-young-businessman_1098-778.jpg 740w, https:\/\/intrec.io\/wp-content\/uploads\/2022\/03\/smiling-young-businessman_1098-778-300x200.jpg 300w\" sizes=\"auto, (max-width: 740px) 100vw, 740px\" \/>\t\t\t\t\t\t\t\t\t\t\t\t\t\t\t<\/div>\n\t\t\t\t<\/div>\n\t\t\t\t\t<\/div>\n\t\t<\/div>\n\t\t\t\t<div class=\"elementor-column elementor-col-33 elementor-top-column elementor-element elementor-element-f24cf41\" data-id=\"f24cf41\" data-element_type=\"column\">\n\t\t\t<div class=\"elementor-widget-wrap\">\n\t\t\t\t\t\t\t\t\t<\/div>\n\t\t<\/div>\n\t\t\t\t<div class=\"elementor-column elementor-col-33 elementor-top-column elementor-element elementor-element-13a058e\" data-id=\"13a058e\" data-element_type=\"column\">\n\t\t\t<div class=\"elementor-widget-wrap elementor-element-populated\">\n\t\t\t\t\t\t\t\t<div class=\"elementor-element elementor-element-601cb41 elementor-widget elementor-widget-heading\" data-id=\"601cb41\" data-element_type=\"widget\" data-widget_type=\"heading.default\">\n\t\t\t\t<div class=\"elementor-widget-container\">\n\t\t\t<h2 class=\"elementor-heading-title elementor-size-default\">Osobowo\u015b\u0107\n<\/h2>\t\t<\/div>\n\t\t\t\t<\/div>\n\t\t\t\t<div class=\"elementor-element elementor-element-a9fab9b elementor-widget elementor-widget-text-editor\" data-id=\"a9fab9b\" data-element_type=\"widget\" data-widget_type=\"text-editor.default\">\n\t\t\t\t<div class=\"elementor-widget-container\">\n\t\t\t<style>\/*! elementor - v3.15.0 - 20-08-2023 *\/\n.elementor-widget-text-editor.elementor-drop-cap-view-stacked .elementor-drop-cap{background-color:#69727d;color:#fff}.elementor-widget-text-editor.elementor-drop-cap-view-framed .elementor-drop-cap{color:#69727d;border:3px solid;background-color:transparent}.elementor-widget-text-editor:not(.elementor-drop-cap-view-default) .elementor-drop-cap{margin-top:8px}.elementor-widget-text-editor:not(.elementor-drop-cap-view-default) .elementor-drop-cap-letter{width:1em;height:1em}.elementor-widget-text-editor .elementor-drop-cap{float:left;text-align:center;line-height:1;font-size:50px}.elementor-widget-text-editor .elementor-drop-cap-letter{display:inline-block}<\/style>\t\t\t\t<p><span class=\"TextRun SCXW139164681 BCX0\" lang=\"EN-US\" style=\"color: #252525;\" xml:lang=\"EN-US\" data-contrast=\"auto\"><span class=\"NormalTextRun SCXW139164681 BCX0\" style=\"color: #252525;\">Jakie cechy osobowo\u015bci OCEAN najlepiej pasuj\u0105 do pracy? Czy stanowisko jest odpowiednie dla ekstrawertyka czy introwertyka? Kto\u015b fajny pod presj\u0105, kto\u015b zdenerwowany itp. Osobowo\u015b\u0107 jest r\u00f3wnie\u017c bardzo wa\u017cna dla dopasowania kultury firmy. <\/span><span class=\"NormalTextRun SpellingErrorV2 SCXW139164681 BCX0\" style=\"color: #252525;\">IntRec<\/span><span class=\"NormalTextRun SCXW139164681 BCX0\" style=\"color: #252525;\"> zapewnia najlepsze dopasowanie osobowo\u015bci do ka\u017cdej roli. Rekruterzy maj\u0105 mo\u017cliwo\u015b\u0107 wyboru w\u0142asnych wymaga\u0144 osobowo\u015bciowych<\/span><\/span><span class=\"EOP SCXW139164681 BCX0\" style=\"color: #252525;\" data-ccp-props=\"{\">.<\/span><\/p>\t\t\t\t\t\t<\/div>\n\t\t\t\t<\/div>\n\t\t\t\t\t<\/div>\n\t\t<\/div>\n\t\t\t\t\t\t\t<\/div>\n\t\t<\/section>\n\t\t\t\t<section class=\"elementor-section elementor-top-section elementor-element elementor-element-8d03a29 elementor-section-stretched elementor-section-boxed elementor-section-height-default elementor-section-height-default\" data-id=\"8d03a29\" data-element_type=\"section\" id=\"preemptest\" data-settings=\"{&quot;stretch_section&quot;:&quot;section-stretched&quot;}\">\n\t\t\t\t\t\t<div class=\"elementor-container elementor-column-gap-default\">\n\t\t\t\t\t<div class=\"elementor-column elementor-col-33 elementor-top-column elementor-element elementor-element-438f7bb\" data-id=\"438f7bb\" data-element_type=\"column\">\n\t\t\t<div class=\"elementor-widget-wrap elementor-element-populated\">\n\t\t\t\t\t\t\t\t<div class=\"elementor-element elementor-element-ceb7ab5 elementor-widget elementor-widget-heading\" data-id=\"ceb7ab5\" data-element_type=\"widget\" data-widget_type=\"heading.default\">\n\t\t\t\t<div class=\"elementor-widget-container\">\n\t\t\t<h2 class=\"elementor-heading-title elementor-size-default\">Test przed zatrudnieniem\n<\/h2>\t\t<\/div>\n\t\t\t\t<\/div>\n\t\t\t\t<div class=\"elementor-element elementor-element-569f0bb elementor-widget elementor-widget-text-editor\" data-id=\"569f0bb\" data-element_type=\"widget\" data-widget_type=\"text-editor.default\">\n\t\t\t\t<div class=\"elementor-widget-container\">\n\t\t\t\t\t\t\t<p style=\"color: #252525;\"><span style=\"color: #252525;\" data-contrast=\"auto\">Testy przed zatrudnieniem to standardowa metoda sprawdzania kwalifikacji kandydat\u00f3w do pracy podczas procesu rekrutacji. Mog\u0105 one obejmowa\u0107 testy dotycz\u0105ce standardowych umiej\u0119tno\u015bci zawodowych i znajomo\u015bci matematyki, j\u0119zyk\u00f3w i oprogramowania, a tak\u017ce integralno\u015bci emocjonalnej i zdolno\u015bci poznawczych.<\/span><\/p><p style=\"color: #252525;\">Use the IntRec selection or create your own questions from the IntRec database.\u00a0<\/p><p>\u00a0<\/p>\t\t\t\t\t\t<\/div>\n\t\t\t\t<\/div>\n\t\t\t\t\t<\/div>\n\t\t<\/div>\n\t\t\t\t<div class=\"elementor-column elementor-col-33 elementor-top-column elementor-element elementor-element-caac465\" data-id=\"caac465\" data-element_type=\"column\">\n\t\t\t<div class=\"elementor-widget-wrap\">\n\t\t\t\t\t\t\t\t\t<\/div>\n\t\t<\/div>\n\t\t\t\t<div class=\"elementor-column elementor-col-33 elementor-top-column elementor-element elementor-element-b8f9eeb\" data-id=\"b8f9eeb\" data-element_type=\"column\" data-settings=\"{&quot;background_background&quot;:&quot;classic&quot;}\">\n\t\t\t<div class=\"elementor-widget-wrap elementor-element-populated\">\n\t\t\t\t\t\t\t\t<div class=\"elementor-element elementor-element-240b922 elementor-widget elementor-widget-image\" data-id=\"240b922\" data-element_type=\"widget\" data-widget_type=\"image.default\">\n\t\t\t\t<div class=\"elementor-widget-container\">\n\t\t\t\t\t\t\t\t\t\t\t\t\t\t\t<img loading=\"lazy\" decoding=\"async\" width=\"800\" height=\"534\" src=\"https:\/\/intrec.io\/wp-content\/uploads\/2022\/03\/young-students-learning-library-bookshelves-2-1024x683.jpg\" class=\"attachment-large size-large wp-image-4020\" alt=\"\" srcset=\"https:\/\/intrec.io\/wp-content\/uploads\/2022\/03\/young-students-learning-library-bookshelves-2-1024x683.jpg 1024w, https:\/\/intrec.io\/wp-content\/uploads\/2022\/03\/young-students-learning-library-bookshelves-2-300x200.jpg 300w, https:\/\/intrec.io\/wp-content\/uploads\/2022\/03\/young-students-learning-library-bookshelves-2-768x513.jpg 768w, https:\/\/intrec.io\/wp-content\/uploads\/2022\/03\/young-students-learning-library-bookshelves-2-1536x1025.jpg 1536w, https:\/\/intrec.io\/wp-content\/uploads\/2022\/03\/young-students-learning-library-bookshelves-2-2048x1367.jpg 2048w\" sizes=\"auto, (max-width: 800px) 100vw, 800px\" \/>\t\t\t\t\t\t\t\t\t\t\t\t\t\t\t<\/div>\n\t\t\t\t<\/div>\n\t\t\t\t\t<\/div>\n\t\t<\/div>\n\t\t\t\t\t\t\t<\/div>\n\t\t<\/section>\n\t\t\t\t<section class=\"elementor-section elementor-top-section elementor-element elementor-element-4ccf07c elementor-section-stretched reverseflex elementor-section-boxed elementor-section-height-default elementor-section-height-default\" data-id=\"4ccf07c\" data-element_type=\"section\" id=\"icc\" data-settings=\"{&quot;stretch_section&quot;:&quot;section-stretched&quot;}\">\n\t\t\t\t\t\t<div class=\"elementor-container elementor-column-gap-default\">\n\t\t\t\t\t<div class=\"elementor-column elementor-col-33 elementor-top-column elementor-element elementor-element-149abb1\" data-id=\"149abb1\" data-element_type=\"column\" data-settings=\"{&quot;background_background&quot;:&quot;classic&quot;}\">\n\t\t\t<div class=\"elementor-widget-wrap elementor-element-populated\">\n\t\t\t\t\t\t\t\t<div class=\"elementor-element elementor-element-70d3461 elementor-widget elementor-widget-image\" data-id=\"70d3461\" data-element_type=\"widget\" data-widget_type=\"image.default\">\n\t\t\t\t<div class=\"elementor-widget-container\">\n\t\t\t\t\t\t\t\t\t\t\t\t\t\t\t<img loading=\"lazy\" decoding=\"async\" width=\"800\" height=\"533\" src=\"https:\/\/intrec.io\/wp-content\/uploads\/2022\/03\/informed-candidate-interview-1024x682.jpg\" class=\"attachment-large size-large wp-image-4752\" alt=\"\" srcset=\"https:\/\/intrec.io\/wp-content\/uploads\/2022\/03\/informed-candidate-interview-1024x682.jpg 1024w, https:\/\/intrec.io\/wp-content\/uploads\/2022\/03\/informed-candidate-interview-300x200.jpg 300w, https:\/\/intrec.io\/wp-content\/uploads\/2022\/03\/informed-candidate-interview-768x512.jpg 768w, https:\/\/intrec.io\/wp-content\/uploads\/2022\/03\/informed-candidate-interview.jpg 1255w\" sizes=\"auto, (max-width: 800px) 100vw, 800px\" \/>\t\t\t\t\t\t\t\t\t\t\t\t\t\t\t<\/div>\n\t\t\t\t<\/div>\n\t\t\t\t\t<\/div>\n\t\t<\/div>\n\t\t\t\t<div class=\"elementor-column elementor-col-33 elementor-top-column elementor-element elementor-element-36dc8ba\" data-id=\"36dc8ba\" data-element_type=\"column\">\n\t\t\t<div class=\"elementor-widget-wrap\">\n\t\t\t\t\t\t\t\t\t<\/div>\n\t\t<\/div>\n\t\t\t\t<div class=\"elementor-column elementor-col-33 elementor-top-column elementor-element elementor-element-9e7e0d8\" data-id=\"9e7e0d8\" data-element_type=\"column\">\n\t\t\t<div class=\"elementor-widget-wrap elementor-element-populated\">\n\t\t\t\t\t\t\t\t<div class=\"elementor-element elementor-element-47d7832 elementor-widget elementor-widget-heading\" data-id=\"47d7832\" data-element_type=\"widget\" data-widget_type=\"heading.default\">\n\t\t\t\t<div class=\"elementor-widget-container\">\n\t\t\t<h2 class=\"elementor-heading-title elementor-size-default\">Kalkulator idealnego kandydata (ICC)\n<\/h2>\t\t<\/div>\n\t\t\t\t<\/div>\n\t\t\t\t<div class=\"elementor-element elementor-element-6cdba88 elementor-widget elementor-widget-text-editor\" data-id=\"6cdba88\" data-element_type=\"widget\" data-widget_type=\"text-editor.default\">\n\t\t\t\t<div class=\"elementor-widget-container\">\n\t\t\t\t\t\t\t<p>Jest to proces ustalania najlepszej kombinacji r\u00f3\u017cnych etap\u00f3w procesu rekrutacyjnego w celu wytypowania idealnego kandydata. Jest to suma wynik\u00f3w CV, testu osobowo\u015bci, przesiewu przed zatrudnieniem i rozmowy kwalifikacyjnej wideo. Je\u015bli chodzi o znalezienie idealnego kandydata, ka\u017cdemu komponentowi przypisuje si\u0119 procentow\u0105 wag\u0119.<\/p><p>ICC dla ka\u017cdej roli jest dostarczane przez IntRec, ale rekruter mo\u017ce stworzy\u0107 w\u0142asne ICC.<\/p><p>\u00a0<\/p>\t\t\t\t\t\t<\/div>\n\t\t\t\t<\/div>\n\t\t\t\t\t<\/div>\n\t\t<\/div>\n\t\t\t\t\t\t\t<\/div>\n\t\t<\/section>\n\t\t\t\t<section class=\"elementor-section elementor-top-section elementor-element elementor-element-768d0c8 elementor-section-stretched elementor-section-boxed elementor-section-height-default elementor-section-height-default\" data-id=\"768d0c8\" data-element_type=\"section\" id=\"videointerview\" data-settings=\"{&quot;stretch_section&quot;:&quot;section-stretched&quot;}\">\n\t\t\t\t\t\t<div class=\"elementor-container elementor-column-gap-default\">\n\t\t\t\t\t<div class=\"elementor-column elementor-col-33 elementor-top-column elementor-element elementor-element-22c86f3\" data-id=\"22c86f3\" data-element_type=\"column\">\n\t\t\t<div class=\"elementor-widget-wrap elementor-element-populated\">\n\t\t\t\t\t\t\t\t<div class=\"elementor-element elementor-element-a0aad84 elementor-widget elementor-widget-heading\" data-id=\"a0aad84\" data-element_type=\"widget\" data-widget_type=\"heading.default\">\n\t\t\t\t<div class=\"elementor-widget-container\">\n\t\t\t<h2 class=\"elementor-heading-title elementor-size-default\">Wywiad Wideo <\/h2>\t\t<\/div>\n\t\t\t\t<\/div>\n\t\t\t\t<div class=\"elementor-element elementor-element-c3030c8 elementor-widget elementor-widget-text-editor\" data-id=\"c3030c8\" data-element_type=\"widget\" data-widget_type=\"text-editor.default\">\n\t\t\t\t<div class=\"elementor-widget-container\">\n\t\t\t\t\t\t\t<p>Nasz wywiad wideo AI jest w pe\u0142ni zautomatyzowany. Wywiad sk\u0142ada si\u0119 z trzech cz\u0119\u015bci. Sekcje wielokrotnego wyboru, sytuacyjne pytania dotycz\u0105ce kompetencji i mowy oraz pytania Recruiter lub Hiring Manager.<\/p><p>Pytania rekrutera i mened\u017cera ds. rekrutacji to dwa pytania, kt\u00f3re mo\u017ce doda\u0107 rekruter lub mened\u017cer ds. Rekrutacji, ale nie s\u0105 analizowane ani oceniane przez IntRec AI.<\/p><p>\u00a0<\/p>\t\t\t\t\t\t<\/div>\n\t\t\t\t<\/div>\n\t\t\t\t\t<\/div>\n\t\t<\/div>\n\t\t\t\t<div class=\"elementor-column elementor-col-33 elementor-top-column elementor-element elementor-element-34def5c\" data-id=\"34def5c\" data-element_type=\"column\">\n\t\t\t<div class=\"elementor-widget-wrap\">\n\t\t\t\t\t\t\t\t\t<\/div>\n\t\t<\/div>\n\t\t\t\t<div class=\"elementor-column elementor-col-33 elementor-top-column elementor-element elementor-element-1e207ee\" data-id=\"1e207ee\" data-element_type=\"column\" data-settings=\"{&quot;background_background&quot;:&quot;classic&quot;}\">\n\t\t\t<div class=\"elementor-widget-wrap elementor-element-populated\">\n\t\t\t\t\t\t\t\t<div class=\"elementor-element elementor-element-a22d879 elementor-widget elementor-widget-image\" data-id=\"a22d879\" data-element_type=\"widget\" data-widget_type=\"image.default\">\n\t\t\t\t<div class=\"elementor-widget-container\">\n\t\t\t\t\t\t\t\t\t\t\t\t\t\t\t<img loading=\"lazy\" decoding=\"async\" width=\"626\" height=\"418\" src=\"https:\/\/intrec.io\/wp-content\/uploads\/2022\/03\/businessmen-working-with-laptop-smartphone-open-space-office-meeting-report-progress_11304-1468-1.jpg\" class=\"attachment-large size-large wp-image-4019\" alt=\"\" srcset=\"https:\/\/intrec.io\/wp-content\/uploads\/2022\/03\/businessmen-working-with-laptop-smartphone-open-space-office-meeting-report-progress_11304-1468-1.jpg 626w, https:\/\/intrec.io\/wp-content\/uploads\/2022\/03\/businessmen-working-with-laptop-smartphone-open-space-office-meeting-report-progress_11304-1468-1-300x200.jpg 300w\" sizes=\"auto, (max-width: 626px) 100vw, 626px\" \/>\t\t\t\t\t\t\t\t\t\t\t\t\t\t\t<\/div>\n\t\t\t\t<\/div>\n\t\t\t\t\t<\/div>\n\t\t<\/div>\n\t\t\t\t\t\t\t<\/div>\n\t\t<\/section>\n\t\t\t\t<section class=\"elementor-section elementor-top-section elementor-element elementor-element-623ff53 elementor-section-stretched reverseflex elementor-section-boxed elementor-section-height-default elementor-section-height-default\" data-id=\"623ff53\" data-element_type=\"section\" id=\"jobcreator\" data-settings=\"{&quot;stretch_section&quot;:&quot;section-stretched&quot;}\">\n\t\t\t\t\t\t<div class=\"elementor-container elementor-column-gap-default\">\n\t\t\t\t\t<div class=\"elementor-column elementor-col-33 elementor-top-column elementor-element elementor-element-6fd4bd4\" data-id=\"6fd4bd4\" data-element_type=\"column\" data-settings=\"{&quot;background_background&quot;:&quot;classic&quot;}\">\n\t\t\t<div class=\"elementor-widget-wrap elementor-element-populated\">\n\t\t\t\t\t\t\t\t<div class=\"elementor-element elementor-element-79ffc8e elementor-widget elementor-widget-image\" data-id=\"79ffc8e\" data-element_type=\"widget\" data-widget_type=\"image.default\">\n\t\t\t\t<div class=\"elementor-widget-container\">\n\t\t\t\t\t\t\t\t\t\t\t\t\t\t\t<img loading=\"lazy\" decoding=\"async\" width=\"455\" height=\"355\" src=\"https:\/\/intrec.io\/wp-content\/uploads\/2022\/02\/image-block2.png\" class=\"attachment-large size-large wp-image-1701\" alt=\"\" srcset=\"https:\/\/intrec.io\/wp-content\/uploads\/2022\/02\/image-block2.png 455w, https:\/\/intrec.io\/wp-content\/uploads\/2022\/02\/image-block2-300x234.png 300w\" sizes=\"auto, (max-width: 455px) 100vw, 455px\" \/>\t\t\t\t\t\t\t\t\t\t\t\t\t\t\t<\/div>\n\t\t\t\t<\/div>\n\t\t\t\t\t<\/div>\n\t\t<\/div>\n\t\t\t\t<div class=\"elementor-column elementor-col-33 elementor-top-column elementor-element elementor-element-336f844\" data-id=\"336f844\" data-element_type=\"column\">\n\t\t\t<div class=\"elementor-widget-wrap\">\n\t\t\t\t\t\t\t\t\t<\/div>\n\t\t<\/div>\n\t\t\t\t<div class=\"elementor-column elementor-col-33 elementor-top-column elementor-element elementor-element-79d99c6\" data-id=\"79d99c6\" data-element_type=\"column\">\n\t\t\t<div class=\"elementor-widget-wrap elementor-element-populated\">\n\t\t\t\t\t\t\t\t<div class=\"elementor-element elementor-element-a6365bd elementor-widget elementor-widget-heading\" data-id=\"a6365bd\" data-element_type=\"widget\" data-widget_type=\"heading.default\">\n\t\t\t\t<div class=\"elementor-widget-container\">\n\t\t\t<h2 class=\"elementor-heading-title elementor-size-default\">Kreator Pracy \n<\/h2>\t\t<\/div>\n\t\t\t\t<\/div>\n\t\t\t\t<div class=\"elementor-element elementor-element-f39de85 elementor-widget elementor-widget-text-editor\" data-id=\"f39de85\" data-element_type=\"widget\" data-widget_type=\"text-editor.default\">\n\t\t\t\t<div class=\"elementor-widget-container\">\n\t\t\t\t\t\t\t<div style=\"color: #252525;\"><div style=\"color: #252525;\">Kreator ofert pracy umo\u017cliwia rekruterowi stworzenie idealnego og\u0142oszenia o prac\u0119. Rekruter mo\u017ce pokaza\u0107 kultur\u0119 swojej firmy, przes\u0142a\u0107 filmy, wybra\u0107 wymagane kompetencje, kombinacje cech osobowo\u015bci oraz kombinacj\u0119 Kalkulatora Idealnego Kandydata (ICC).\u00a0<\/div><div style=\"color: #252525;\">\u00a0<\/div><div style=\"color: #252525;\">Jakie umiej\u0119tno\u015bci i cechy powinni posiada\u0107 kandydaci?<\/div><div style=\"color: #252525;\">Jakie inne licencje, kwalifikacje i do\u015bwiadczenie s\u0105 wymagane?<\/div><div style=\"color: #252525;\">\u00a0<\/div><div style=\"color: #252525;\">Tw\u00f3rca pracy wyja\u015bnia kandydatowi niezb\u0119dne kwalifikacje, kompetencje i dopasowanie kulturowe do stanowiska.\u00a0<\/div><\/div><p>\u00a0<\/p>\t\t\t\t\t\t<\/div>\n\t\t\t\t<\/div>\n\t\t\t\t\t<\/div>\n\t\t<\/div>\n\t\t\t\t\t\t\t<\/div>\n\t\t<\/section>\n\t\t\t\t\t\t\t<\/div>","protected":false},"excerpt":{"rendered":"<p>Recruiter Support Personality What are the best OCEAN personality traits for job fit? Does the position suit an extrovert or introvert? Someone cool under pressure, someone nervous, etc. Personality is very important for company culture fit as well. IntRec provides the best personality fit for each job role. Recruiters have the ability to choose their [&hellip;]<\/p>","protected":false},"author":1,"featured_media":0,"parent":0,"menu_order":0,"comment_status":"closed","ping_status":"closed","template":"","meta":{"footnotes":""},"class_list":["post-4731","page","type-page","status-publish","hentry"],"_links":{"self":[{"href":"https:\/\/intrec.io\/pl\/wp-json\/wp\/v2\/pages\/4731","targetHints":{"allow":["GET"]}}],"collection":[{"href":"https:\/\/intrec.io\/pl\/wp-json\/wp\/v2\/pages"}],"about":[{"href":"https:\/\/intrec.io\/pl\/wp-json\/wp\/v2\/types\/page"}],"author":[{"embeddable":true,"href":"https:\/\/intrec.io\/pl\/wp-json\/wp\/v2\/users\/1"}],"replies":[{"embeddable":true,"href":"https:\/\/intrec.io\/pl\/wp-json\/wp\/v2\/comments?post=4731"}],"version-history":[{"count":41,"href":"https:\/\/intrec.io\/pl\/wp-json\/wp\/v2\/pages\/4731\/revisions"}],"predecessor-version":[{"id":6499,"href":"https:\/\/intrec.io\/pl\/wp-json\/wp\/v2\/pages\/4731\/revisions\/6499"}],"wp:attachment":[{"href":"https:\/\/intrec.io\/pl\/wp-json\/wp\/v2\/media?parent=4731"}],"curies":[{"name":"wp","href":"https:\/\/api.w.org\/{rel}","templated":true}]}}