{"id":1491,"date":"2022-02-23T12:42:40","date_gmt":"2022-02-23T12:42:40","guid":{"rendered":"http:\/\/intweb.omsdeven.com\/?page_id=1491"},"modified":"2022-02-28T08:25:20","modified_gmt":"2022-02-28T08:25:20","slug":"newsletter","status":"publish","type":"page","link":"https:\/\/intrec.io\/pl\/newsletter\/","title":{"rendered":"Newsletter"},"content":{"rendered":"<div data-elementor-type=\"wp-page\" data-elementor-id=\"1491\" class=\"elementor elementor-1491\">\n\t\t\t\t\t\t\t\t\t<section class=\"elementor-section elementor-top-section elementor-element elementor-element-fd51491 elementor-section-full_width elementor-section-stretched elementor-section-height-default elementor-section-height-default\" data-id=\"fd51491\" data-element_type=\"section\" data-settings=\"{&quot;stretch_section&quot;:&quot;section-stretched&quot;,&quot;background_background&quot;:&quot;classic&quot;}\">\n\t\t\t\t\t\t<div class=\"elementor-container elementor-column-gap-default\">\n\t\t\t\t\t<div class=\"elementor-column elementor-col-100 elementor-top-column elementor-element elementor-element-008604f\" data-id=\"008604f\" data-element_type=\"column\" data-settings=\"{&quot;background_background&quot;:&quot;classic&quot;}\">\n\t\t\t<div class=\"elementor-widget-wrap elementor-element-populated\">\n\t\t\t\t\t\t\t\t<div class=\"elementor-element elementor-element-734c5db elementor-widget elementor-widget-heading\" data-id=\"734c5db\" data-element_type=\"widget\" data-widget_type=\"heading.default\">\n\t\t\t\t<div class=\"elementor-widget-container\">\n\t\t\t<style>\/*! elementor - v3.15.0 - 20-08-2023 *\/\n.elementor-heading-title{padding:0;margin:0;line-height:1}.elementor-widget-heading .elementor-heading-title[class*=elementor-size-]>a{color:inherit;font-size:inherit;line-height:inherit}.elementor-widget-heading .elementor-heading-title.elementor-size-small{font-size:15px}.elementor-widget-heading .elementor-heading-title.elementor-size-medium{font-size:19px}.elementor-widget-heading .elementor-heading-title.elementor-size-large{font-size:29px}.elementor-widget-heading .elementor-heading-title.elementor-size-xl{font-size:39px}.elementor-widget-heading .elementor-heading-title.elementor-size-xxl{font-size:59px}<\/style><h2 class=\"elementor-heading-title elementor-size-default\">Newsletter<\/h2>\t\t<\/div>\n\t\t\t\t<\/div>\n\t\t\t\t\t<\/div>\n\t\t<\/div>\n\t\t\t\t\t\t\t<\/div>\n\t\t<\/section>\n\t\t\t\t<section class=\"elementor-section elementor-top-section elementor-element elementor-element-a486af4 elementor-section-boxed elementor-section-height-default elementor-section-height-default\" data-id=\"a486af4\" data-element_type=\"section\">\n\t\t\t\t\t\t<div class=\"elementor-container elementor-column-gap-default\">\n\t\t\t\t\t<div class=\"elementor-column elementor-col-100 elementor-top-column elementor-element elementor-element-bcbc07c\" data-id=\"bcbc07c\" data-element_type=\"column\">\n\t\t\t<div class=\"elementor-widget-wrap elementor-element-populated\">\n\t\t\t\t\t\t\t\t<div class=\"elementor-element elementor-element-dd9cde6 elementor-widget elementor-widget-elementskit-contact-form7\" data-id=\"dd9cde6\" data-element_type=\"widget\" data-widget_type=\"elementskit-contact-form7.default\">\n\t\t\t\t<div class=\"elementor-widget-container\">\n\t\t\t<div class=\"ekit-wid-con\" ><div class=\"ekit-form\">\n<div class=\"wpcf7 no-js\" id=\"wpcf7-f1494-o1\" lang=\"en-US\" dir=\"ltr\">\n<div class=\"screen-reader-response\"><p role=\"status\" aria-live=\"polite\" aria-atomic=\"true\"><\/p> <ul><\/ul><\/div>\n<form action=\"\/pl\/wp-json\/wp\/v2\/pages\/1491#wpcf7-f1494-o1\" method=\"post\" class=\"wpcf7-form init\" aria-label=\"Contact form\" novalidate=\"novalidate\" data-status=\"init\" data-trp-original-action=\"\/pl\/wp-json\/wp\/v2\/pages\/1491#wpcf7-f1494-o1\">\n<div style=\"display: none;\">\n<input type=\"hidden\" name=\"_wpcf7\" value=\"1494\" \/>\n<input type=\"hidden\" name=\"_wpcf7_version\" value=\"5.8\" \/>\n<input type=\"hidden\" name=\"_wpcf7_locale\" value=\"en_US\" \/>\n<input type=\"hidden\" name=\"_wpcf7_unit_tag\" value=\"wpcf7-f1494-o1\" \/>\n<input type=\"hidden\" name=\"_wpcf7_container_post\" value=\"0\" \/>\n<input type=\"hidden\" name=\"_wpcf7_posted_data_hash\" value=\"\" \/>\n<\/div>\n<div class=\"row\">\n\t<div class=\"col-lg-12 col-md-12 col-sm-12 col-xs-12\">\n\t\t<div class=\"form-group\">\n\t\t\t<p><label for=\"contact-email\" class=\"custom-font-family font-weight-medium\">Adres e-mail<\/label><br \/>\n<span class=\"wpcf7-form-control-wrap\" data-name=\"your-email\"><input size=\"40\" class=\"wpcf7-form-control wpcf7-email wpcf7-validates-as-required wpcf7-text wpcf7-validates-as-email form-control line-height-lg\" id=\"contact-email\" aria-required=\"true\" aria-invalid=\"false\" value=\"\" type=\"email\" name=\"your-email\" \/><\/span>\n\t\t\t<\/p>\n\t\t<\/div>\n\t<\/div>\n\t<div class=\"col-lg-12 col-md-12 col-sm-12 col-xs-12\">\n\t\t<div class=\"form-group\">\n\t\t\t<p><span class=\"wpcf7-form-control-wrap\" data-name=\"checkbox-713\"><span class=\"wpcf7-form-control wpcf7-checkbox\" id=\"accepolicy\"><span class=\"wpcf7-list-item first last\"><input type=\"checkbox\" name=\"checkbox-713[]\" value=\"I have read and understood my personal data processing activities.*I authorise my personal data that I have provided to be processed accordingly.Click here to access our Privacy Policy.\" \/><span class=\"wpcf7-list-item-label\">Przeczyta\u0142em i zrozumia\u0142em moje czynno\u015bci zwi\u0105zane z przetwarzaniem danych osobowych. Wyra\u017cam zgod\u0119 na przetwarzanie podanych przeze mnie danych osobowych. Kliknij tutaj, aby uzyska\u0107 dost\u0119p do naszej Polityki prywatno\u015bci.<\/span><\/span><\/span><\/span>\n\t\t\t<\/p>\n\t\t<\/div>\n\t<\/div>\n<\/div>\n<div class=\"col-lg-12 col-md-12 col-sm-12 col-xs-12\">\n\t<div class=\"form-group\">\n\t\t<p><label class=\"custom-font-family font-weight-medium\"><br \/>\nB\u0119dziemy przetwarza\u0107 Twoje dane w celu przesy\u0142ania Ci naszego newslettera i aktualizacji na podstawie Twojej zgody. Mo\u017cesz zrezygnowa\u0107 z subskrypcji w dowolnym momencie, klikaj\u0105c link \u201eanuluj subskrypcj\u0119\u201d na dole ka\u017cdego e-maila. Przeczytaj nasz\u0105 polityk\u0119 prywatno\u015bci, aby uzyska\u0107 wi\u0119cej informacji.<br \/>\n<\/label><br \/>\n<input class=\"wpcf7-form-control wpcf7-submit has-spinner btn btn-dark btn-lg px-5 p-t-md p-b-md\" id=\"submitbtn\" type=\"submit\" value=\"SUBSKRYBUJ\" \/>\n\t\t<\/p>\n\t<\/div>\n<\/div><div class=\"wpcf7-response-output\" aria-hidden=\"true\"><\/div>\n<input type=\"hidden\" name=\"trp-form-language\" value=\"pl\"\/><\/form>\n<\/div>\n<\/div><\/div>\t\t<\/div>\n\t\t\t\t<\/div>\n\t\t\t\t\t<\/div>\n\t\t<\/div>\n\t\t\t\t\t\t\t<\/div>\n\t\t<\/section>\n\t\t\t\t\t\t\t<\/div>","protected":false},"excerpt":{"rendered":"<p>Newsletter Email-Address I have read and understood my personal data processing activities.*I authorise my personal data that I have provided to be processed accordingly.Click here to access our Privacy Policy. We will process your data to send you our newsletter and updates based on your consent. You can unsubscribe at any time by clicking the [&hellip;]<\/p>","protected":false},"author":1,"featured_media":0,"parent":0,"menu_order":0,"comment_status":"closed","ping_status":"closed","template":"","meta":{"footnotes":""},"class_list":["post-1491","page","type-page","status-publish","hentry"],"_links":{"self":[{"href":"https:\/\/intrec.io\/pl\/wp-json\/wp\/v2\/pages\/1491","targetHints":{"allow":["GET"]}}],"collection":[{"href":"https:\/\/intrec.io\/pl\/wp-json\/wp\/v2\/pages"}],"about":[{"href":"https:\/\/intrec.io\/pl\/wp-json\/wp\/v2\/types\/page"}],"author":[{"embeddable":true,"href":"https:\/\/intrec.io\/pl\/wp-json\/wp\/v2\/users\/1"}],"replies":[{"embeddable":true,"href":"https:\/\/intrec.io\/pl\/wp-json\/wp\/v2\/comments?post=1491"}],"version-history":[{"count":16,"href":"https:\/\/intrec.io\/pl\/wp-json\/wp\/v2\/pages\/1491\/revisions"}],"predecessor-version":[{"id":2605,"href":"https:\/\/intrec.io\/pl\/wp-json\/wp\/v2\/pages\/1491\/revisions\/2605"}],"wp:attachment":[{"href":"https:\/\/intrec.io\/pl\/wp-json\/wp\/v2\/media?parent=1491"}],"curies":[{"name":"wp","href":"https:\/\/api.w.org\/{rel}","templated":true}]}}