{"id":4867,"date":"2022-03-09T14:52:20","date_gmt":"2022-03-09T14:52:20","guid":{"rendered":"http:\/\/intweb.omsdeven.com\/?page_id=4867"},"modified":"2022-06-19T10:21:27","modified_gmt":"2022-06-19T10:21:27","slug":"language","status":"publish","type":"page","link":"https:\/\/intrec.io\/es\/language\/","title":{"rendered":"Language"},"content":{"rendered":"<div data-elementor-type=\"wp-page\" data-elementor-id=\"4867\" class=\"elementor elementor-4867\">\n\t\t\t\t\t\t\t\t\t<section class=\"elementor-section elementor-top-section elementor-element elementor-element-b5fce3d elementor-section-boxed elementor-section-height-default elementor-section-height-default\" data-id=\"b5fce3d\" data-element_type=\"section\">\n\t\t\t\t\t\t<div class=\"elementor-container elementor-column-gap-default\">\n\t\t\t\t\t<div class=\"elementor-column elementor-col-100 elementor-top-column elementor-element elementor-element-04040bf\" data-id=\"04040bf\" data-element_type=\"column\">\n\t\t\t<div class=\"elementor-widget-wrap elementor-element-populated\">\n\t\t\t\t\t\t\t\t<div class=\"elementor-element elementor-element-21f8aad elementor-widget elementor-widget-text-editor\" data-id=\"21f8aad\" data-element_type=\"widget\" data-widget_type=\"text-editor.default\">\n\t\t\t\t<div class=\"elementor-widget-container\">\n\t\t\t<style>\/*! elementor - v3.15.0 - 20-08-2023 *\/\n.elementor-widget-text-editor.elementor-drop-cap-view-stacked .elementor-drop-cap{background-color:#69727d;color:#fff}.elementor-widget-text-editor.elementor-drop-cap-view-framed .elementor-drop-cap{color:#69727d;border:3px solid;background-color:transparent}.elementor-widget-text-editor:not(.elementor-drop-cap-view-default) .elementor-drop-cap{margin-top:8px}.elementor-widget-text-editor:not(.elementor-drop-cap-view-default) .elementor-drop-cap-letter{width:1em;height:1em}.elementor-widget-text-editor .elementor-drop-cap{float:left;text-align:center;line-height:1;font-size:50px}.elementor-widget-text-editor .elementor-drop-cap-letter{display:inline-block}<\/style>\t\t\t\t<p><b><span data-contrast=\"auto\">Intrec sp. z o.o.<\/span><\/b><span data-contrast=\"auto\"> realizuje umow\u0119 nr UDA-POPW.01.01.02-06-0040\/20-00 o dofinansowanie projektu: <\/span><b><span data-contrast=\"auto\">\u201eReclutamiento inteligente \u2013 mobilna i desktop&#039;owa aplikacja umo\u017cliwiaj\u0105ca rekrutacj\u0119 online pracownik\u00f3w\u201d<\/span><\/b><span data-contrast=\"auto\"> w ramach Programu Operacyjnego Polska Wschodnia 2014-2020 poddzia\u0142ania 1.1.2: Rozw\u00f3j startup\u00f3w w Polsce Wschodniej.\u00a0<\/span><span data-ccp-props=\"{\">\u00a0<\/span><\/p><p><span data-contrast=\"auto\">Celem projektu jest wprowadzenie na rynek aplikacji mobilnej umo\u017cliwiaj\u0105cej i u\u0142atwiaj\u0105cej zdaln\u0105 rekrutacj\u0119 pracownik\u00f3w. Aplikacja jest dedykowana w szczeg\u00f3lno\u015bci ma\u0142ym i \u015brednim firmom, a dopiero w drugiej kolejno\u015bci firmom du\u017cym i specjalizuj\u0105cym si\u0119 w rekrutacji.<\/span><span data-ccp-props=\"{\">\u00a0<\/span><\/p><p><span data-contrast=\"auto\">Rezultatem projektu jest technologia IntRec dzia\u0142aj\u0105ca mobilnie, kt\u00f3ra pozwoli rekruterom firm z r\u00f3\u017cnych bran\u017c i r\u00f3\u017cnej wielko\u015bci, wykonywa\u0107 swoj\u0105 prac\u0119.<\/span><\/p><p><span data-contrast=\"auto\">Proyecto Warto\u015b\u0107: <\/span><b><span data-contrast=\"auto\">1 .345 .768,00 PLN<\/span><\/b><span data-ccp-props=\"{\">\u00a0<\/span><\/p><p><span data-contrast=\"auto\">Wk\u0142ad Funduszy Europejskich: <\/span><b><span data-contrast=\"auto\">985 .235,00 PLN<\/span><\/b><\/p><div title=\"P\u00e1gina 1\">\u00a0<\/div>\t\t\t\t\t\t<\/div>\n\t\t\t\t<\/div>\n\t\t\t\t\t<\/div>\n\t\t<\/div>\n\t\t\t\t\t\t\t<\/div>\n\t\t<\/section>\n\t\t\t\t<section class=\"elementor-section elementor-top-section elementor-element elementor-element-057d152 elementor-section-boxed elementor-section-height-default elementor-section-height-default\" data-id=\"057d152\" data-element_type=\"section\">\n\t\t\t\t\t\t<div class=\"elementor-container elementor-column-gap-default\">\n\t\t\t\t\t<div class=\"elementor-column elementor-col-100 elementor-top-column elementor-element elementor-element-5daebe0\" data-id=\"5daebe0\" data-element_type=\"column\">\n\t\t\t<div class=\"elementor-widget-wrap elementor-element-populated\">\n\t\t\t\t\t\t\t\t<div class=\"elementor-element elementor-element-05fd958 elementor-widget elementor-widget-image\" data-id=\"05fd958\" data-element_type=\"widget\" data-widget_type=\"image.default\">\n\t\t\t\t<div class=\"elementor-widget-container\">\n\t\t\t<style>\/*! elementor - v3.15.0 - 20-08-2023 *\/\n.elementor-widget-image{text-align:center}.elementor-widget-image a{display:inline-block}.elementor-widget-image a img[src$=\".svg\"]{width:48px}.elementor-widget-image img{vertical-align:middle;display:inline-block}<\/style>\t\t\t\t\t\t\t\t\t\t\t\t\t<a href=\"http:\/\/intrec.io\/wp-content\/uploads\/2022\/02\/MicrosoftTeams-image.png\" data-elementor-open-lightbox=\"yes\" data-elementor-lightbox-title=\"MicrosoftTeams-image\" data-e-action-hash=\"#elementor-action%3Aaction%3Dlightbox%26settings%3DeyJpZCI6NDg2MCwidXJsIjoiaHR0cHM6XC9cL2ludHJlYy5pb1wvd3AtY29udGVudFwvdXBsb2Fkc1wvMjAyMlwvMDJcL01pY3Jvc29mdFRlYW1zLWltYWdlLnBuZyJ9\">\n\t\t\t\t\t\t\t<img loading=\"lazy\" decoding=\"async\" width=\"800\" height=\"112\" src=\"https:\/\/intrec.io\/wp-content\/uploads\/2022\/02\/MicrosoftTeams-image-1024x143.png\" class=\"attachment-large size-large wp-image-4860\" alt=\"\" srcset=\"https:\/\/intrec.io\/wp-content\/uploads\/2022\/02\/MicrosoftTeams-image-1024x143.png 1024w, https:\/\/intrec.io\/wp-content\/uploads\/2022\/02\/MicrosoftTeams-image-300x42.png 300w, https:\/\/intrec.io\/wp-content\/uploads\/2022\/02\/MicrosoftTeams-image-768x107.png 768w, https:\/\/intrec.io\/wp-content\/uploads\/2022\/02\/MicrosoftTeams-image-1536x214.png 1536w, https:\/\/intrec.io\/wp-content\/uploads\/2022\/02\/MicrosoftTeams-image-2048x285.png 2048w\" sizes=\"auto, (max-width: 800px) 100vw, 800px\" \/>\t\t\t\t\t\t\t\t<\/a>\n\t\t\t\t\t\t\t\t\t\t\t\t\t\t\t<\/div>\n\t\t\t\t<\/div>\n\t\t\t\t\t<\/div>\n\t\t<\/div>\n\t\t\t\t\t\t\t<\/div>\n\t\t<\/section>\n\t\t\t\t\t\t\t<\/div>","protected":false},"excerpt":{"rendered":"<p>Intrec Sp. z o.o. realizuje umow\u0119 nr UDA-POPW.01.01.02-06-0040\/20-00 o dofinansowanie projektu: \u201eIntelligent Recruitment &#8211; mobilna i desktop&#8217;owa aplikacja umo\u017cliwiaj\u0105ca rekrutacj\u0119 online pracownik\u00f3w\u201d w ramach Programu Operacyjnego Polska Wschodnia 2014-2020 poddzia\u0142ania 1.1.2: Rozw\u00f3j startup\u00f3w w Polsce Wschodniej.\u00a0\u00a0 Celem projektu jest wprowadzenie na rynek aplikacji mobilnej umo\u017cliwiaj\u0105cej i u\u0142atwiaj\u0105cej zdaln\u0105 rekrutacj\u0119 pracownik\u00f3w. Aplikacja jest dedykowana w szczeg\u00f3lno\u015bci [&hellip;]<\/p>","protected":false},"author":1,"featured_media":0,"parent":0,"menu_order":0,"comment_status":"closed","ping_status":"closed","template":"elementor_theme","meta":{"footnotes":""},"class_list":["post-4867","page","type-page","status-publish","hentry"],"_links":{"self":[{"href":"https:\/\/intrec.io\/es\/wp-json\/wp\/v2\/pages\/4867","targetHints":{"allow":["GET"]}}],"collection":[{"href":"https:\/\/intrec.io\/es\/wp-json\/wp\/v2\/pages"}],"about":[{"href":"https:\/\/intrec.io\/es\/wp-json\/wp\/v2\/types\/page"}],"author":[{"embeddable":true,"href":"https:\/\/intrec.io\/es\/wp-json\/wp\/v2\/users\/1"}],"replies":[{"embeddable":true,"href":"https:\/\/intrec.io\/es\/wp-json\/wp\/v2\/comments?post=4867"}],"version-history":[{"count":19,"href":"https:\/\/intrec.io\/es\/wp-json\/wp\/v2\/pages\/4867\/revisions"}],"predecessor-version":[{"id":6066,"href":"https:\/\/intrec.io\/es\/wp-json\/wp\/v2\/pages\/4867\/revisions\/6066"}],"wp:attachment":[{"href":"https:\/\/intrec.io\/es\/wp-json\/wp\/v2\/media?parent=4867"}],"curies":[{"name":"wp","href":"https:\/\/api.w.org\/{rel}","templated":true}]}}