{"id":2167,"date":"2022-02-25T09:16:41","date_gmt":"2022-02-25T09:16:41","guid":{"rendered":"http:\/\/intweb.omsdeven.com\/?page_id=2167"},"modified":"2023-01-10T16:52:16","modified_gmt":"2023-01-10T16:52:16","slug":"start-own-recruitment","status":"publish","type":"page","link":"https:\/\/intrec.io\/es\/start-own-recruitment\/","title":{"rendered":"Start Own Recruitment"},"content":{"rendered":"<div data-elementor-type=\"wp-page\" data-elementor-id=\"2167\" class=\"elementor elementor-2167\">\n\t\t\t\t\t\t\t\t\t<section class=\"elementor-section elementor-top-section elementor-element elementor-element-fd51491 elementor-section-full_width elementor-section-stretched elementor-section-height-default elementor-section-height-default\" data-id=\"fd51491\" data-element_type=\"section\" data-settings=\"{&quot;stretch_section&quot;:&quot;section-stretched&quot;,&quot;background_background&quot;:&quot;classic&quot;}\">\n\t\t\t\t\t\t<div class=\"elementor-container elementor-column-gap-default\">\n\t\t\t\t\t<div class=\"elementor-column elementor-col-100 elementor-top-column elementor-element elementor-element-008604f\" data-id=\"008604f\" data-element_type=\"column\" data-settings=\"{&quot;background_background&quot;:&quot;classic&quot;}\">\n\t\t\t<div class=\"elementor-widget-wrap elementor-element-populated\">\n\t\t\t\t\t\t\t\t<div class=\"elementor-element elementor-element-734c5db elementor-widget elementor-widget-heading\" data-id=\"734c5db\" data-element_type=\"widget\" data-widget_type=\"heading.default\">\n\t\t\t\t<div class=\"elementor-widget-container\">\n\t\t\t<style>\/*! elementor - v3.15.0 - 20-08-2023 *\/\n.elementor-heading-title{padding:0;margin:0;line-height:1}.elementor-widget-heading .elementor-heading-title[class*=elementor-size-]>a{color:inherit;font-size:inherit;line-height:inherit}.elementor-widget-heading .elementor-heading-title.elementor-size-small{font-size:15px}.elementor-widget-heading .elementor-heading-title.elementor-size-medium{font-size:19px}.elementor-widget-heading .elementor-heading-title.elementor-size-large{font-size:29px}.elementor-widget-heading .elementor-heading-title.elementor-size-xl{font-size:39px}.elementor-widget-heading .elementor-heading-title.elementor-size-xxl{font-size:59px}<\/style><h2 class=\"elementor-heading-title elementor-size-default\">Socio de negocios\n<\/h2>\t\t<\/div>\n\t\t\t\t<\/div>\n\t\t\t\t\t<\/div>\n\t\t<\/div>\n\t\t\t\t\t\t\t<\/div>\n\t\t<\/section>\n\t\t\t\t<section class=\"elementor-section elementor-top-section elementor-element elementor-element-a921876 elementor-section-boxed elementor-section-height-default elementor-section-height-default\" data-id=\"a921876\" data-element_type=\"section\">\n\t\t\t\t\t\t<div class=\"elementor-container elementor-column-gap-default\">\n\t\t\t\t\t<div class=\"elementor-column elementor-col-100 elementor-top-column elementor-element elementor-element-3029f63\" data-id=\"3029f63\" data-element_type=\"column\">\n\t\t\t<div class=\"elementor-widget-wrap elementor-element-populated\">\n\t\t\t\t\t\t\t\t<section class=\"elementor-section elementor-inner-section elementor-element elementor-element-e9985cf elementor-section-boxed elementor-section-height-default elementor-section-height-default\" data-id=\"e9985cf\" data-element_type=\"section\">\n\t\t\t\t\t\t<div class=\"elementor-container elementor-column-gap-default\">\n\t\t\t\t\t<div class=\"elementor-column elementor-col-100 elementor-inner-column elementor-element elementor-element-5fd3b03\" data-id=\"5fd3b03\" data-element_type=\"column\">\n\t\t\t<div class=\"elementor-widget-wrap elementor-element-populated\">\n\t\t\t\t\t\t\t\t<div class=\"elementor-element elementor-element-17de3df elementor-widget elementor-widget-text-editor\" data-id=\"17de3df\" data-element_type=\"widget\" data-widget_type=\"text-editor.default\">\n\t\t\t\t<div class=\"elementor-widget-container\">\n\t\t\t<style>\/*! elementor - v3.15.0 - 20-08-2023 *\/\n.elementor-widget-text-editor.elementor-drop-cap-view-stacked .elementor-drop-cap{background-color:#69727d;color:#fff}.elementor-widget-text-editor.elementor-drop-cap-view-framed .elementor-drop-cap{color:#69727d;border:3px solid;background-color:transparent}.elementor-widget-text-editor:not(.elementor-drop-cap-view-default) .elementor-drop-cap{margin-top:8px}.elementor-widget-text-editor:not(.elementor-drop-cap-view-default) .elementor-drop-cap-letter{width:1em;height:1em}.elementor-widget-text-editor .elementor-drop-cap{float:left;text-align:center;line-height:1;font-size:50px}.elementor-widget-text-editor .elementor-drop-cap-letter{display:inline-block}<\/style>\t\t\t\t<h2><b><span data-contrast=\"auto\">Comenzando su propia Agencia de Reclutamiento.<\/span><\/b><span data-ccp-props=\"{\">\u00a0<\/span><\/h2><p><span data-contrast=\"auto\"><span style=\"color: #252525;\" data-contrast=\"auto\">\u00bfEmpezar una agencia de contrataci\u00f3n es tu sue\u00f1o? Habiendo trabajado en la industria del reclutamiento durante alg\u00fan tiempo, esta puede ser su progresi\u00f3n natural. Sin embargo, \u00bfqu\u00e9 pasa si tiene poca o ninguna experiencia, a\u00fan podemos hacer que comenzar una agencia de contrataci\u00f3n sin experiencia funcione para usted?<\/span> <\/span><span data-ccp-props=\"{\">\u00a0<\/span><\/p><h3><b><span data-contrast=\"auto\">Pasi\u00f3n<\/span><\/b><span data-ccp-props=\"{\">\u00a0<\/span><\/h3><p><span data-contrast=\"auto\"><span style=\"color: #252525;\" data-contrast=\"auto\">Cualquiera que quiera iniciar un negocio de reclutamiento, casi no hace falta decirlo, debe tener pasi\u00f3n por hacer que su negocio tenga \u00e9xito.\u00a0<\/span><span style=\"color: #252525;\" data-ccp-props=\"{\">\u00a0<\/span> <\/span><span data-ccp-props=\"{\">\u00a0<\/span><\/p><h3><b><span data-contrast=\"auto\">Software de Reclutamiento<\/span><\/b><span data-ccp-props=\"{\">\u00a0<\/span><\/h3><p><span style=\"color: #252525;\" data-contrast=\"auto\">IntRec le proporcionar\u00e1 un software de reclutamiento de IA. Esto se utilizar\u00e1 para evaluar a los candidatos, crear ofertas de trabajo, probar la aptitud del candidato y entrevistarlo. Esto medir\u00e1 la adecuaci\u00f3n al trabajo del candidato y la adecuaci\u00f3n a la cultura de la empresa. Utiliza IntRec para gestionar todos tus procesos de selecci\u00f3n.<\/span><span style=\"color: #252525;\" data-ccp-props=\"{\">\u00a0<\/span><\/p><h3><strong>Trabajo Duro\u00a0<\/strong><\/h3><p style=\"color: #252525;\"><span style=\"color: #252525;\" data-contrast=\"auto\">Para captar clientes y encontrar talento se necesita trabajo duro y empuje emprendedor.<\/span><\/p><p style=\"color: #252525;\"><span style=\"color: #252525;\" data-contrast=\"auto\">\u00bfPuede iniciar su propia agencia de contrataci\u00f3n? Con un poco de pasi\u00f3n, mucha investigaci\u00f3n, trabajo duro y con la ayuda de IntRec, \u00a1no hay raz\u00f3n por la que no pueda hacer que su agencia de contrataci\u00f3n funcione!<\/span><span style=\"color: #252525;\" data-ccp-props=\"{\">\u00a0<\/span><\/p><h3><strong><span class=\"TextRun SCXW5417261 BCX0\" lang=\"EN-GB\" xml:lang=\"EN-GB\" data-contrast=\"auto\"><span class=\"NormalTextRun SCXW5417261 BCX0\"><a style=\"color: #565656;\" href=\"https:\/\/intrec.io\/es\/contact-us\/\">Cont\u00e1ctenos hoy.<\/a> Para saber c\u00f3mo <\/span><span class=\"NormalTextRun SCXW5417261 BCX0\">IntRec puede ayudarlo a iniciar su propia<\/span><span class=\"NormalTextRun SCXW5417261 BCX0\">empresa de reclutamiento.<\/span><span class=\"NormalTextRun SCXW5417261 BCX0\">.<\/span><\/span><span class=\"EOP SCXW5417261 BCX0\" data-ccp-props=\"{\">\u00a0<\/span><\/strong><\/h3>\t\t\t\t\t\t<\/div>\n\t\t\t\t<\/div>\n\t\t\t\t\t<\/div>\n\t\t<\/div>\n\t\t\t\t\t\t\t<\/div>\n\t\t<\/section>\n\t\t\t\t\t<\/div>\n\t\t<\/div>\n\t\t\t\t\t\t\t<\/div>\n\t\t<\/section>\n\t\t\t\t<section class=\"elementor-section elementor-top-section elementor-element elementor-element-ea0f564 elementor-section-boxed elementor-section-height-default elementor-section-height-default\" data-id=\"ea0f564\" data-element_type=\"section\">\n\t\t\t\t\t\t<div class=\"elementor-container elementor-column-gap-default\">\n\t\t\t\t\t<div class=\"elementor-column elementor-col-100 elementor-top-column elementor-element elementor-element-88ba229\" data-id=\"88ba229\" data-element_type=\"column\">\n\t\t\t<div class=\"elementor-widget-wrap elementor-element-populated\">\n\t\t\t\t\t\t\t\t<section class=\"elementor-section elementor-inner-section elementor-element elementor-element-82ee9db elementor-section-boxed elementor-section-height-default elementor-section-height-default\" data-id=\"82ee9db\" data-element_type=\"section\">\n\t\t\t\t\t\t<div class=\"elementor-container elementor-column-gap-default\">\n\t\t\t\t\t<div class=\"elementor-column elementor-col-100 elementor-inner-column elementor-element elementor-element-08f1f44\" data-id=\"08f1f44\" data-element_type=\"column\">\n\t\t\t<div class=\"elementor-widget-wrap elementor-element-populated\">\n\t\t\t\t\t\t\t\t<div class=\"elementor-element elementor-element-557c98f elementor-widget elementor-widget-heading\" data-id=\"557c98f\" data-element_type=\"widget\" data-widget_type=\"heading.default\">\n\t\t\t\t<div class=\"elementor-widget-container\">\n\t\t\t<h1 class=\"elementor-heading-title elementor-size-default\">Obtener una oferta de negocios de reclutamiento.\n\n<\/h1>\t\t<\/div>\n\t\t\t\t<\/div>\n\t\t\t\t\t<\/div>\n\t\t<\/div>\n\t\t\t\t\t\t\t<\/div>\n\t\t<\/section>\n\t\t\t\t\t<\/div>\n\t\t<\/div>\n\t\t\t\t\t\t\t<\/div>\n\t\t<\/section>\n\t\t\t\t\t\t\t<\/div>","protected":false},"excerpt":{"rendered":"<p>Business Partner Starting Your own Recruitment Agency.\u00a0 Is starting a recruitment agency your dream? Having worked in the recruitment industry for some time, this may be your natural progression. However, what if you have little to no experience? Can you still make starting a recruitment agency with no experience work for you? \u00a0 Passion\u00a0 Anyone [&hellip;]<\/p>","protected":false},"author":1,"featured_media":0,"parent":0,"menu_order":0,"comment_status":"closed","ping_status":"closed","template":"","meta":{"footnotes":""},"class_list":["post-2167","page","type-page","status-publish","hentry"],"_links":{"self":[{"href":"https:\/\/intrec.io\/es\/wp-json\/wp\/v2\/pages\/2167","targetHints":{"allow":["GET"]}}],"collection":[{"href":"https:\/\/intrec.io\/es\/wp-json\/wp\/v2\/pages"}],"about":[{"href":"https:\/\/intrec.io\/es\/wp-json\/wp\/v2\/types\/page"}],"author":[{"embeddable":true,"href":"https:\/\/intrec.io\/es\/wp-json\/wp\/v2\/users\/1"}],"replies":[{"embeddable":true,"href":"https:\/\/intrec.io\/es\/wp-json\/wp\/v2\/comments?post=2167"}],"version-history":[{"count":103,"href":"https:\/\/intrec.io\/es\/wp-json\/wp\/v2\/pages\/2167\/revisions"}],"predecessor-version":[{"id":6514,"href":"https:\/\/intrec.io\/es\/wp-json\/wp\/v2\/pages\/2167\/revisions\/6514"}],"wp:attachment":[{"href":"https:\/\/intrec.io\/es\/wp-json\/wp\/v2\/media?parent=2167"}],"curies":[{"name":"wp","href":"https:\/\/api.w.org\/{rel}","templated":true}]}}